{"id":2039,"date":"2022-03-02T15:02:17","date_gmt":"2022-03-02T15:02:17","guid":{"rendered":"https:\/\/www.gravityvector.com\/?page_id=2039"},"modified":"2022-03-03T10:50:26","modified_gmt":"2022-03-03T10:50:26","slug":"neuigkeiten","status":"publish","type":"page","link":"https:\/\/www.gravityvector.com\/de\/neuigkeiten\/","title":{"rendered":"Neuigkeiten"},"content":{"rendered":"<p>[vc_row css=&#8220;.vc_custom_1637857670316{margin-top: 100px !important;}&#8220;][vc_column]<style type=\"text\/css\" data-type=\"the7_shortcodes-inline-css\">.blog-shortcode.blog-list-shortcode-id-ad13266c824c87b0e938c87350dabdf2.dividers-on.classic-layout-list article {\n  margin-top: 50px;\n  padding-top: 0;\n  border-color: ;\n}\n.blog-shortcode.blog-list-shortcode-id-ad13266c824c87b0e938c87350dabdf2.dividers-on.classic-layout-list article:first-of-type {\n  margin-top: 0;\n  padding-top: 0;\n}\n.blog-shortcode.blog-list-shortcode-id-ad13266c824c87b0e938c87350dabdf2.classic-layout-list.mode-list .post-thumbnail-wrap {\n  width: 50%;\n}\n.blog-shortcode.blog-list-shortcode-id-ad13266c824c87b0e938c87350dabdf2.classic-layout-list.mode-list .post-entry-content {\n  width: calc(100% - 50%);\n}\n.blog-shortcode.blog-list-shortcode-id-ad13266c824c87b0e938c87350dabdf2.classic-layout-list.mode-list .no-img .post-entry-content {\n  width: 100%;\n}\n.blog-shortcode.blog-list-shortcode-id-ad13266c824c87b0e938c87350dabdf2 .filter-bg-decoration .filter-categories a.act {\n  color: #fff;\n}\n.blog-shortcode.blog-list-shortcode-id-ad13266c824c87b0e938c87350dabdf2:not(.mode-masonry) article {\n  margin-top: 50px;\n}\n.blog-shortcode.blog-list-shortcode-id-ad13266c824c87b0e938c87350dabdf2:not(.mode-masonry) article:first-of-type,\n.blog-shortcode.blog-list-shortcode-id-ad13266c824c87b0e938c87350dabdf2:not(.mode-masonry) article.visible.first:not(.product) {\n  margin-top: 0;\n}\n.blog-shortcode.blog-list-shortcode-id-ad13266c824c87b0e938c87350dabdf2.dividers-on:not(.mode-masonry) article {\n  margin-top: 0;\n  padding-top: 50px;\n}\n.blog-shortcode.blog-list-shortcode-id-ad13266c824c87b0e938c87350dabdf2.dividers-on:not(.mode-masonry) article:first-of-type,\n.blog-shortcode.blog-list-shortcode-id-ad13266c824c87b0e938c87350dabdf2.dividers-on:not(.mode-masonry) article.visible.first:not(.product) {\n  margin-top: 0;\n  padding-top: 0;\n}\n.blog-shortcode.blog-list-shortcode-id-ad13266c824c87b0e938c87350dabdf2 .post-thumbnail-wrap {\n  padding: 0px 0px 0px 0px;\n}\n.blog-shortcode.blog-list-shortcode-id-ad13266c824c87b0e938c87350dabdf2.enable-bg-rollover .post-thumbnail-rollover:after {\n  background: ;\n  background: -webkit-linear-gradient();\n  background: linear-gradient();\n}\n.blog-shortcode.blog-list-shortcode-id-ad13266c824c87b0e938c87350dabdf2 .gallery-zoom-ico {\n  width: 44px;\n  height: 44px;\n  line-height: 44px;\n  border-radius: 100px;\n  margin: -22px 0 0 -22px;\n  border-width: 0px;\n  color: #ffffff;\n}\n.bottom-overlap-layout-list.blog-shortcode.blog-list-shortcode-id-ad13266c824c87b0e938c87350dabdf2 .gallery-zoom-ico {\n  margin-top: -22px\/2;\n}\n.gradient-overlay-layout-list.blog-shortcode.blog-list-shortcode-id-ad13266c824c87b0e938c87350dabdf2 .gallery-zoom-ico,\n.content-rollover-layout-list.blog-shortcode.blog-list-shortcode-id-ad13266c824c87b0e938c87350dabdf2 .gallery-zoom-ico {\n  margin: 0 0 10px;\n}\n.content-align-center.gradient-overlay-layout-list.blog-shortcode.blog-list-shortcode-id-ad13266c824c87b0e938c87350dabdf2 .gallery-zoom-ico,\n.content-align-center.content-rollover-layout-list.blog-shortcode.blog-list-shortcode-id-ad13266c824c87b0e938c87350dabdf2 .gallery-zoom-ico {\n  margin: 0 auto 10px;\n}\n.dt-icon-bg-on.blog-shortcode.blog-list-shortcode-id-ad13266c824c87b0e938c87350dabdf2 .gallery-zoom-ico {\n  background: rgba(255,255,255,0.3);\n  box-shadow: none;\n}\n.blog-shortcode.blog-list-shortcode-id-ad13266c824c87b0e938c87350dabdf2 .gallery-zoom-ico > span,\n.blog-shortcode.blog-list-shortcode-id-ad13266c824c87b0e938c87350dabdf2 .gallery-zoom-ico:before {\n  font-size: 32px;\n  line-height: 44px;\n}\n.blog-shortcode.blog-list-shortcode-id-ad13266c824c87b0e938c87350dabdf2 .gallery-zoom-ico > span,\n.blog-shortcode.blog-list-shortcode-id-ad13266c824c87b0e938c87350dabdf2 .gallery-zoom-ico:before {\n  color: #ffffff;\n}\n.blog-shortcode.blog-list-shortcode-id-ad13266c824c87b0e938c87350dabdf2 .fancy-date a {\n  background: #ffffff;\n  box-shadow: none;\n}\n.blog-shortcode.blog-list-shortcode-id-ad13266c824c87b0e938c87350dabdf2 .fancy-date a * {\n  color: #2d2d2d;\n}\n.blog-shortcode.blog-list-shortcode-id-ad13266c824c87b0e938c87350dabdf2 .entry-title,\n.blog-shortcode.blog-list-shortcode-id-ad13266c824c87b0e938c87350dabdf2.owl-carousel .entry-title {\n  margin-bottom: 5px;\n  font-weight: bold;\n}\n.blog-shortcode.blog-list-shortcode-id-ad13266c824c87b0e938c87350dabdf2 .entry-meta {\n  margin-bottom: 15px;\n}\n.blog-shortcode.blog-list-shortcode-id-ad13266c824c87b0e938c87350dabdf2 .portfolio-categories {\n  margin-bottom: 15px;\n}\n.blog-shortcode.blog-list-shortcode-id-ad13266c824c87b0e938c87350dabdf2 .entry-excerpt {\n  margin-bottom: 5px;\n}\n.blog-shortcode.blog-list-shortcode-id-ad13266c824c87b0e938c87350dabdf2:not(.centered-layout-list) .post-entry-content {\n  padding: 25px 30px 30px 30px;\n}\n.blog-shortcode.blog-list-shortcode-id-ad13266c824c87b0e938c87350dabdf2:not(.centered-layout-list):not(.content-bg-on):not(.mode-list) .no-img .post-entry-content {\n  padding: 0;\n}\n@media screen and (max-width: 768px) {\n  .blog-shortcode.blog-list-shortcode-id-ad13266c824c87b0e938c87350dabdf2 article {\n    -ms-flex-flow: column nowrap;\n    flex-flow: column nowrap;\n    margin-top: 20px;\n  }\n  .blog-shortcode.blog-list-shortcode-id-ad13266c824c87b0e938c87350dabdf2.dividers-on article {\n    border: none;\n  }\n  .blog-shortcode.blog-list-shortcode-id-ad13266c824c87b0e938c87350dabdf2.content-bg-on.centered-layout-list article {\n    padding: 0;\n  }\n  .blog-shortcode.blog-list-shortcode-id-ad13266c824c87b0e938c87350dabdf2.blog-shortcode.dividers-on article,\n  .blog-shortcode.blog-list-shortcode-id-ad13266c824c87b0e938c87350dabdf2.dividers-on.classic-layout-list article {\n    margin-top: 20px;\n    padding: 0;\n  }\n  .blog-shortcode.blog-list-shortcode-id-ad13266c824c87b0e938c87350dabdf2.blog-shortcode.dividers-on article:first-of-type,\n  .blog-shortcode.blog-list-shortcode-id-ad13266c824c87b0e938c87350dabdf2.dividers-on.classic-layout-list article:first-of-type {\n    padding: 0;\n  }\n  #page .blog-shortcode.blog-list-shortcode-id-ad13266c824c87b0e938c87350dabdf2 .post-thumbnail-wrap,\n  #page .blog-shortcode.blog-list-shortcode-id-ad13266c824c87b0e938c87350dabdf2 .post-entry-content {\n    width: 100%;\n    margin: 0;\n    top: 0;\n  }\n  #page .blog-shortcode.blog-list-shortcode-id-ad13266c824c87b0e938c87350dabdf2 .post-thumbnail-wrap {\n    padding: 0;\n  }\n  #page .blog-shortcode.blog-list-shortcode-id-ad13266c824c87b0e938c87350dabdf2 .post-entry-content:after {\n    display: none;\n  }\n  #page .blog-shortcode.blog-list-shortcode-id-ad13266c824c87b0e938c87350dabdf2 .project-even .post-thumbnail-wrap,\n  #page .blog-shortcode.blog-list-shortcode-id-ad13266c824c87b0e938c87350dabdf2.centered-layout-list .post-thumbnail-wrap {\n    -ms-flex-order: 0;\n    order: 0;\n  }\n  #page .blog-shortcode.blog-list-shortcode-id-ad13266c824c87b0e938c87350dabdf2.centered-layout-list .post-entry-title-content {\n    -ms-flex-order: 1;\n    order: 1;\n    width: 100%;\n    padding: 20px 20px 0;\n  }\n  #page .blog-shortcode.blog-list-shortcode-id-ad13266c824c87b0e938c87350dabdf2.centered-layout-list .post-entry-content {\n    -ms-flex-order: 2;\n    order: 2;\n    padding-top: 0;\n  }\n  #page .blog-shortcode.blog-list-shortcode-id-ad13266c824c87b0e938c87350dabdf2 .fancy-categories {\n    top: 10px;\n    left: 10px;\n    bottom: auto;\n    right: auto;\n  }\n  #page .blog-shortcode.blog-list-shortcode-id-ad13266c824c87b0e938c87350dabdf2 .fancy-date a {\n    top: 10px;\n    right: 10px;\n    left: auto;\n    bottom: auto;\n  }\n  #page .blog-shortcode.blog-list-shortcode-id-ad13266c824c87b0e938c87350dabdf2 .post-entry-content {\n    padding: 20px;\n  }\n  #page .blog-shortcode.blog-list-shortcode-id-ad13266c824c87b0e938c87350dabdf2 .entry-title {\n    margin: 3px 0 5px;\n    font-size: 20px;\n    line-height: 26px;\n  }\n  #page .blog-shortcode.blog-list-shortcode-id-ad13266c824c87b0e938c87350dabdf2 .entry-meta {\n    margin: 5px 0 5px;\n  }\n  #page .blog-shortcode.blog-list-shortcode-id-ad13266c824c87b0e938c87350dabdf2 .entry-excerpt {\n    margin: 15px 0 0;\n  }\n  #page .blog-shortcode.blog-list-shortcode-id-ad13266c824c87b0e938c87350dabdf2 .post-details {\n    margin: 5px 0 10px;\n  }\n  #page .blog-shortcode.blog-list-shortcode-id-ad13266c824c87b0e938c87350dabdf2 .post-details.details-type-link {\n    margin-bottom: 2px;\n  }\n}\n<\/style><div class=\"articles-list blog-shortcode mode-list blog-list-shortcode-id-ad13266c824c87b0e938c87350dabdf2 classic-layout-list content-bg-on jquery-filter scale-img dt-icon-bg-off loading-effect-fade-in\" data-cur-page=\"1\" data-post-limit=\"-1\" data-pagination-mode=\"none\"><article class=\"post project-odd visible post-1999 type-post status-publish format-standard has-post-thumbnail hentry category-weblog category-3 description-off\" data-name=\"Ist Unit Testing der M\u00fche wert? (mit einem Beispiel)\" data-date=\"2022-02-24T01:05:01+00:00\">\n\n<div class=\"post-thumbnail-wrap\">\n\t<div class=\"post-thumbnail\">\n\n\t\t\n\t\t\n\t\t<a href=\"https:\/\/www.gravityvector.com\/de\/ist-unit-testing-der-muehe-wert-mit-einem-beispiel\/\" class=\"post-thumbnail-rollover layzr-bg layzr-bg\" ><img class=\"blog-thumb-lazy-load preload-me lazy-load\" src=\"data:image\/svg+xml,%3Csvg%20xmlns%3D&#39;http%3A%2F%2Fwww.w3.org%2F2000%2Fsvg&#39;%20viewBox%3D&#39;0%200%20512%20341&#39;%2F%3E\" data-src=\"https:\/\/www.gravityvector.com\/wp-content\/uploads\/2022\/02\/unittesting-512x341.jpg\" data-srcset=\"https:\/\/www.gravityvector.com\/wp-content\/uploads\/2022\/02\/unittesting-512x341.jpg 512w\" alt=\"\" title=\"unittesting\" width=\"512\" height=\"341\"  \/><\/a>\n\t<\/div>\n<\/div>\n\n\n<div class=\"post-entry-content\">\n\n\t<h3 class=\"entry-title\">\n\t\t<a href=\"https:\/\/www.gravityvector.com\/de\/ist-unit-testing-der-muehe-wert-mit-einem-beispiel\/\" title=\"Ist Unit Testing der M\u00fche wert? (mit einem Beispiel)\" rel=\"bookmark\">Ist Unit Testing der M\u00fche wert? (mit einem Beispiel)<\/a>\n\t<\/h3>\n\n\t<div class=\"entry-meta\"><a href=\"https:\/\/www.gravityvector.com\/de\/2022\/02\/24\/\" title=\"1:05 a.m.\" class=\"data-link\" rel=\"bookmark\"><time class=\"entry-date updated\" datetime=\"2022-02-24T01:05:01+00:00\">Februar 24, 2022<\/time><\/a><\/div>\n\t<div class=\"entry-excerpt\"><p>Es wird erwartet, dass jede Software nach Abschluss des Entwicklungsprozesses ordnungsgem\u00e4\u00df getestet wird, um Fehler zu erkennen und zu beheben. Es gibt unz\u00e4hlige M\u00f6glichkeiten, das zu tun. Manuelles Testen ist der einfachste Weg, um zu \u00fcberpr\u00fcfen, ob eine Software so funktioniert, wie sie sollte. Obwohl es eine einfache M\u00f6glichkeit ist,&hellip;<\/p>\n<\/div>\n\t<a href=\"https:\/\/www.gravityvector.com\/de\/ist-unit-testing-der-muehe-wert-mit-einem-beispiel\/\" class=\"post-details details-type-link\" rel=\"nofollow\">Read more<i class=\"dt-icon-the7-arrow-03\" aria-hidden=\"true\"><\/i><\/a>\n<\/div><\/article><article class=\"post project-odd visible post-1997 type-post status-publish format-standard has-post-thumbnail hentry category-weblog category-3 description-off\" data-name=\"Verdoppeln Sie Ihre Internetgeschwindigkeit\" data-date=\"2020-07-27T11:20:18+00:00\">\n\n<div class=\"post-thumbnail-wrap\">\n\t<div class=\"post-thumbnail\">\n\n\t\t\n\t\t\n\t\t<a href=\"https:\/\/www.gravityvector.com\/de\/verdoppeln-sie-ihre-internetgeschwindigkeit\/\" class=\"post-thumbnail-rollover layzr-bg layzr-bg\" ><img class=\"blog-thumb-lazy-load preload-me lazy-load\" src=\"data:image\/svg+xml,%3Csvg%20xmlns%3D&#39;http%3A%2F%2Fwww.w3.org%2F2000%2Fsvg&#39;%20viewBox%3D&#39;0%200%20768%20512&#39;%2F%3E\" data-src=\"https:\/\/www.gravityvector.com\/wp-content\/uploads\/2020\/07\/file-3-768x512.jpg\" data-srcset=\"https:\/\/www.gravityvector.com\/wp-content\/uploads\/2020\/07\/file-3-768x512.jpg 768w, https:\/\/www.gravityvector.com\/wp-content\/uploads\/2020\/07\/file-3-1306x870.jpg 1306w\" alt=\"WAN\" title=\"file-3\" width=\"768\" height=\"512\"  \/><\/a>\n\t<\/div>\n<\/div>\n\n\n<div class=\"post-entry-content\">\n\n\t<h3 class=\"entry-title\">\n\t\t<a href=\"https:\/\/www.gravityvector.com\/de\/verdoppeln-sie-ihre-internetgeschwindigkeit\/\" title=\"Verdoppeln Sie Ihre Internetgeschwindigkeit\" rel=\"bookmark\">Verdoppeln Sie Ihre Internetgeschwindigkeit<\/a>\n\t<\/h3>\n\n\t<div class=\"entry-meta\"><a href=\"https:\/\/www.gravityvector.com\/de\/2020\/07\/27\/\" title=\"11:20 a.m.\" class=\"data-link\" rel=\"bookmark\"><time class=\"entry-date updated\" datetime=\"2020-07-27T11:20:18+00:00\">Juli 27, 2020<\/time><\/a><\/div>\n\t<div class=\"entry-excerpt\"><p>Obwohl viele B\u00fcros des Unternehmens von Covid-19 betroffen sind, waren viele Arbeitgeber gezwungen, das B\u00fcro ihres Unternehmens durch ein Home Office zu ersetzen. Das Arbeiten von zu Hause aus bringt jedoch aufgrund der fehlenden Optik Schwierigkeiten mit sich, zufriedenstellende Internetgeschwindigkeiten zu erreichen. Aber wenn Sie Gl\u00fcck haben und 4G zu&hellip;<\/p>\n<\/div>\n\t<a href=\"https:\/\/www.gravityvector.com\/de\/verdoppeln-sie-ihre-internetgeschwindigkeit\/\" class=\"post-details details-type-link\" rel=\"nofollow\">Read more<i class=\"dt-icon-the7-arrow-03\" aria-hidden=\"true\"><\/i><\/a>\n<\/div><\/article><article class=\"post project-odd visible post-1995 type-post status-publish format-standard has-post-thumbnail hentry category-weblog category-3 description-off\" data-name=\"Elektrodesign-Tools\" data-date=\"2020-07-27T11:16:31+00:00\">\n\n<div class=\"post-thumbnail-wrap\">\n\t<div class=\"post-thumbnail\">\n\n\t\t\n\t\t\n\t\t<a href=\"https:\/\/www.gravityvector.com\/de\/elektrodesign-tools\/\" class=\"post-thumbnail-rollover layzr-bg layzr-bg\" ><img class=\"blog-thumb-lazy-load preload-me lazy-load\" src=\"data:image\/svg+xml,%3Csvg%20xmlns%3D&#39;http%3A%2F%2Fwww.w3.org%2F2000%2Fsvg&#39;%20viewBox%3D&#39;0%200%20768%20512&#39;%2F%3E\" data-src=\"https:\/\/www.gravityvector.com\/wp-content\/uploads\/2020\/07\/technology-computer-768x512.jpg\" data-srcset=\"https:\/\/www.gravityvector.com\/wp-content\/uploads\/2020\/07\/technology-computer-768x512.jpg 768w, https:\/\/www.gravityvector.com\/wp-content\/uploads\/2020\/07\/technology-computer.jpg 1200w\" alt=\"\" title=\"technology-computer\" width=\"768\" height=\"512\"  \/><\/a>\n\t<\/div>\n<\/div>\n\n\n<div class=\"post-entry-content\">\n\n\t<h3 class=\"entry-title\">\n\t\t<a href=\"https:\/\/www.gravityvector.com\/de\/elektrodesign-tools\/\" title=\"Elektrodesign-Tools\" rel=\"bookmark\">Elektrodesign-Tools<\/a>\n\t<\/h3>\n\n\t<div class=\"entry-meta\"><a href=\"https:\/\/www.gravityvector.com\/de\/2020\/07\/27\/\" title=\"11:16 a.m.\" class=\"data-link\" rel=\"bookmark\"><time class=\"entry-date updated\" datetime=\"2020-07-27T11:16:31+00:00\">Juli 27, 2020<\/time><\/a><\/div>\n\t<div class=\"entry-excerpt\"><p>Viele Elektrodesign-Tools sind auf dem Markt erh\u00e4ltlich, um elektrische Verdrahtungssysteme zu entwerfen. K\u00f6nnen wir einige der am h\u00e4ufigsten verwendeten Tools wie EPLAN oder AutoCAD Electrical durch Alternativen ersetzen, die nur f\u00fcr die Elektronik verwendet werden? Bei Gravity Vector entwerfen wir Hardwarekomponenten und verwenden daf\u00fcr verschiedene Tools wie OrCAD, die unserer&hellip;<\/p>\n<\/div>\n\t<a href=\"https:\/\/www.gravityvector.com\/de\/elektrodesign-tools\/\" class=\"post-details details-type-link\" rel=\"nofollow\">Read more<i class=\"dt-icon-the7-arrow-03\" aria-hidden=\"true\"><\/i><\/a>\n<\/div><\/article><\/div>[\/vc_column][\/vc_row][vc_row][vc_column][\/vc_column][\/vc_row]<\/p>\n","protected":false},"excerpt":{"rendered":"<p>[vc_row css=&#8220;.vc_custom_1637857670316{margin-top: 100px !important;}&#8220;][vc_column][\/vc_column][\/vc_row][vc_row][vc_column][\/vc_column][\/vc_row]<\/p>\n","protected":false},"author":3,"featured_media":0,"parent":0,"menu_order":0,"comment_status":"closed","ping_status":"closed","template":"","meta":[],"_links":{"self":[{"href":"https:\/\/www.gravityvector.com\/de\/wp-json\/wp\/v2\/pages\/2039\/"}],"collection":[{"href":"https:\/\/www.gravityvector.com\/de\/wp-json\/wp\/v2\/pages\/"}],"about":[{"href":"https:\/\/www.gravityvector.com\/de\/wp-json\/wp\/v2\/types\/page\/"}],"author":[{"embeddable":true,"href":"https:\/\/www.gravityvector.com\/de\/wp-json\/wp\/v2\/users\/3\/"}],"replies":[{"embeddable":true,"href":"https:\/\/www.gravityvector.com\/de\/wp-json\/wp\/v2\/comments\/?post=2039"}],"version-history":[{"count":7,"href":"https:\/\/www.gravityvector.com\/de\/wp-json\/wp\/v2\/pages\/2039\/revisions\/"}],"predecessor-version":[{"id":2046,"href":"https:\/\/www.gravityvector.com\/de\/wp-json\/wp\/v2\/pages\/2039\/revisions\/2046\/"}],"wp:attachment":[{"href":"https:\/\/www.gravityvector.com\/de\/wp-json\/wp\/v2\/media\/?parent=2039"}],"curies":[{"name":"wp","href":"https:\/\/api.w.org\/{rel}","templated":true}]}}