{"id":2029,"date":"2022-03-02T13:57:41","date_gmt":"2022-03-02T13:57:41","guid":{"rendered":"https:\/\/www.gravityvector.com\/?page_id=2029"},"modified":"2022-03-14T14:52:20","modified_gmt":"2022-03-14T14:52:20","slug":"karriere","status":"publish","type":"page","link":"https:\/\/www.gravityvector.com\/de\/karriere\/","title":{"rendered":"Karriere"},"content":{"rendered":"<p>[vc_row][vc_column][\/vc_column][\/vc_row][vc_row][vc_column][vc_column_text]<\/p>\n<h3>Warum Gravity Vector?<\/h3>\n<p>Unser Arbeitsplatz ist die ganze Welt,Gravity Vector entwickelt Spitzenprodukte f\u00fcr Kunden auf der ganzen Welt. Wir arbeiten an dynamischen Projekten im gesamten Spektrum der Branche.<\/p>\n<p>&nbsp;<\/p>\n<h3>Menschen<\/h3>\n<p>Unser gr\u00f6\u00dfter Wert sind unsere Mitarbeiter und ihre Zufriedenheit. Wir k\u00fcmmern uns um ihre finanziellen Pl\u00e4ne und Karrieren und helfen ihnen dabei, das zu erreichen, was sie wollen. Gleichzeitig halten sie interessante Projekte und die neuesten Technologien besch\u00e4ftigt und neugierig.<\/p>\n<p>&nbsp;<\/p>\n<h3>Management<\/h3>\n<p>Unsere Managementorganisation ist gr\u00f6\u00dftenteils flach mit wenig oder keiner Hierarchie.<\/p>\n<p>&nbsp;<\/p>\n<h3>Was k\u00f6nnen Sie erwarten?<\/h3>\n<p>Freundliches Umfeld, Teamunterst\u00fctzung, flexible Arbeit, interessante Projekte und die neuesten Technologien und Entwicklungspraktiken.<\/p>\n<p>Kontaktinformation:<br \/>\n<a href=\"mailto:info@gravityvector.com\">info@gravityvector.com<\/a>[\/vc_column_text][vc_tabs interval=&#8220;0&#8243; style=&#8220;tab-style-two&#8220;][vc_tab title=&#8220;Hardware-Design&#8220; tab_id=&#8220;c5fe5222-c0ff-1&#8243;][vc_column_text]<\/p>\n<h2>Hardware-Design-Ingenieur<\/h2>\n<p>Split, Kroatien<br \/>\nVertrag<br \/>\nBewerben Sie sich auf der Unternehmensseite<br \/>\nTitel: Hardwaredesigner<br \/>\nStandort: Split, Kroatien<br \/>\nDauer: Langfristig<br \/>\nPreis: Verhandelbar<\/p>\n<ul>\n<li>Erfahrung mit Schaltplanerfassung, PCB-Layout und Routing. (Oder CAD-Erfahrung wird bevorzugt)<\/li>\n<li>F\u00e4higkeit, das Board zu designen oder neu zu designen<\/li>\n<li>\u00dcberpr\u00fcfen Sie Schaltpl\u00e4ne, analysieren Sie das Design und rufen Sie Informationen ab, um die Schaltpl\u00e4ne, das Layout oder das Design fertigzustellen<\/li>\n<li>F\u00e4higkeit, vollst\u00e4ndige St\u00fccklisten, Gerber- und Bohrdateien zusammen mit Siebdruckgrafiken zu liefern<\/li>\n<li>Verwenden Sie Detailzeichnungen oder technische Spezifikationen zum Bema\u00dfen, Skalieren oder Lokalisieren<\/li>\n<li>Bieten Sie Designunterst\u00fctzung f\u00fcr m\u00e4\u00dfig komplexe technische Aufgaben, einschlie\u00dflich Produkte, Teile, Komponenten oder Teile von Gro\u00dfprojekten<\/li>\n<li>F\u00e4higkeit, die Arbeit gem\u00e4\u00df den \u00fcblichen technischen Grunds\u00e4tzen und bew\u00e4hrten Verfahren abzuschlie\u00dfen<\/li>\n<li>Verwenden Sie Forschungstechniken und Erkenntnisse, um spezifische Designprobleme zu l\u00f6sen<\/li>\n<li>Kenntnisse\/Erfahrung in der Signalintegrit\u00e4tsanalyse f\u00fcr PCB<\/li>\n<li>F\u00e4higkeit zum Board-Bring-up<\/li>\n<li>Erstellen Sie den Testplan f\u00fcr das Testen auf Board-Ebene und f\u00fchren Sie ihn aus<\/li>\n<li>Praktische Erfahrung mit Test-\/Debugging-Ger\u00e4ten wie Oszilloskop, Scalar Network Analyzer, Spectrum Analyzer, Logic Analyzer usw.<\/li>\n<li>Experience in processor-based design for servers<\/li>\n<\/ul>\n<p>&nbsp;<\/p>\n<p>Wenn verf\u00fcgbar und an dieser Gelegenheit interessiert, senden Sie bitte eine aktualisierte Kopie Ihres Lebenslaufs zur Pr\u00fcfung an\u00a0<a href=\"mailto:info@gravityvector.com\">info@gravityvector.com<\/a>. Ein Gravity Vector-Vertreter wird sich in K\u00fcrze mit Ihnen in Verbindung setzen.<\/p>\n<p>Gravity Vector ist eine schnell wachsende F&amp;E-Agentur, die auf Hardware- und Softwarel\u00f6sungen f\u00fcr weltweite Industrien spezialisiert ist.<\/p>\n<p>&nbsp;<\/p>\n<p>***Die Rekrutierungsprozesse und die daran beteiligten Personen (sowohl Personalvermittler als auch Projektmanager) werden Kandidaturen nicht aufgrund von Alter, Behinderung, ethnischer Zugeh\u00f6rigkeit, Familienstand, Geschlecht, Nationalit\u00e4t, Weltanschauung, Politik, Rasse, Religion oder sexueller Orientierung diskriminieren***[\/vc_column_text]<div class=\" ubtn-ctn-center \"><a class=\"ubtn-link ult-adjust-bottom-margin ubtn-center ubtn-normal \" href=\"https:\/\/www.gravityvector.com\/de\/bewerbung\/\" title=\"Bewerben\" ><button type=\"button\" id=\"ubtn-1440\"  class=\"ubtn ult-adjust-bottom-margin ult-responsive ubtn-normal ubtn-fade-bg  ulta-wobble-bottom  ubtn-sep-icon ubtn-sep-icon-left  ubtn-center   tooltip-69fb323418089\"  data-hover=\"\" data-border-color=\"\" data-bg=\"#2196f3\" data-hover-bg=\"\" data-border-hover=\"\" data-shadow-hover=\"\" data-shadow-click=\"none\" data-shadow=\"\" data-shd-shadow=\"\"  data-ultimate-target='#ubtn-1440'  data-responsive-json-new='{\"font-size\":\"desktop:18px;\",\"line-height\":\"\"}'  style=\"font-weight:normal;border:none;background: #2196f3;color: #f2f2f2;\"><span class=\"ubtn-data ubtn-icon\"><i class=\"icomoon-the7-font-telegram\" style=\"font-size:18px;color:;\"><\/i><\/span><span class=\"ubtn-hover\" style=\"background-color:\"><\/span><span class=\"ubtn-data ubtn-text \" >Jetzt Bewerben<\/span><\/button><\/a><\/div>[\/vc_tab][vc_tab title=&#8220;Software-Design&#8220; tab_id=&#8220;3aeb29e8-2e4e-7&#8243;][vc_column_text]<\/p>\n<h2>Firmware-Design-Ingenieur<\/h2>\n<p>Split, Kroatien<br \/>\nFestanstellung<br \/>\nBewerben Sie sich auf der Unternehmensseit<br \/>\nTitel: Ingenieur f\u00fcr eingebettete Software<br \/>\nStandort: Split, Kroatien<br \/>\nDauer: Langfristig<br \/>\nPreis: Verhandelbar<\/p>\n<div>\n<p>F\u00fcr diese Rolle erwarten wir einige Erfahrung im Entwerfen von Software f\u00fcr komplexe eingebettete Systeme sowie Kenntnisse von Echtzeitbetriebssystemen und Low-Level-Treibern. Wir bieten Ihnen eine interessante und herausfordernde T\u00e4tigkeit in unserem internationalen, standort\u00fcbergreifenden Team. Zeit, um in die Rolle hineinzuwachsen, Teamarbeit, Wissenstransfer innerhalb der Organisation und berufliche Entwicklung sind integrale Bestandteile der Kultur von Gravity Vector. Eine Weiterentwicklung der Rolle und Ihrer Verantwortlichkeiten wird erwartet.<\/p>\n<p><b>Deine Verantwortungen:<\/b><\/p>\n<ul>\n<li>Entwerfen, implementieren und warten Sie Softwarefunktionen auf hohem Niveau<\/li>\n<li>Analysieren Sie Erfahrungsberichte und stellen Sie Workarounds oder Fixes f\u00fcr Fehler und Nichtkonformit\u00e4ten bereit<\/li>\n<li>Stellen Sie sicher, dass Spezifikationen und Anforderungen f\u00fcr Firmware-Lieferungen erf\u00fcllt werden<\/li>\n<li>Unterst\u00fctzen Sie Entscheidungen in Ihrem Fachgebiet<\/li>\n<li>Beteiligen Sie sich an der Planung technischer Arbeiten<\/li>\n<li>Tragen Sie zur Endbenutzerdokumentation und zum Schulungsmaterial bei<\/li>\n<\/ul>\n<p><b>F\u00e4higkeiten und Erfahrung:<\/b><\/p>\n<ul>\n<li>MSc in Software oder Elektrotechnik, Informatik oder gleichwertige Erfahrung<\/li>\n<li>Praktische Kenntnisse in Design und Entwicklung eingebetteter Software mit der Programmiersprache C<\/li>\n<li>Erfahrung in der Softwareentwicklung von Echtzeitbetriebssystemen und Low-Level-Hardwaretreibern<\/li>\n<li>Solide Ingenieurs- und Probleml\u00f6sungsf\u00e4higkeiten<\/li>\n<li>Englisch flie\u00dfend (Wort und Schrift)<\/li>\n<li>Kenntnisse und Erfahrung in der GNSS-Technologie sind ein Plus, Lernbereitschaft ist ein Muss<\/li>\n<\/ul>\n<p><b>Bonuspunkte:<\/b><\/p>\n<ul>\n<li>Andere Programmierkenntnisse und Skriptsprachen wie Python<\/li>\n<li>Kenntnisse in Software-Testing, Testautomatisierung, Continuous-Integration-Konzepten<\/li>\n<li>Erfahrung in agilen Softwareentwicklungsprozessen<\/li>\n<li>Erfahrung mit integrierten Entwicklungsumgebungen (z. B. VS-Code\/Eclipse), Revisionskontrollsystemen (z. B. Git) und dem Aufbau von Toolchains<\/li>\n<\/ul>\n<\/div>\n<p>&nbsp;<\/p>\n<div>\n<p><b>Kontakt<\/b><\/p>\n<p>Sie interessieren sich f\u00fcr diese herausfordernde Position in einem internationalen Arbeitsumfeld in einem erfolgreichen Unternehmen? Jetzt bewerben! Sie arbeiten mit einem motivierten Team in einer spannenden Technologie.<\/p>\n<div>\n<p>Wir freuen uns auf Ihre Bewerbung.<\/p>\n<p>&nbsp;<\/p>\n<\/div>\n<\/div>\n<p>***Die Rekrutierungsprozesse und die daran beteiligten Personen (sowohl Personalvermittler als auch Projektmanager) werden Kandidaturen nicht aufgrund von Alter, Behinderung, ethnischer Zugeh\u00f6rigkeit, Familienstand, Geschlecht, Nationalit\u00e4t, Weltanschauung, Politik, Rasse, Religion oder sexueller Orientierung diskriminieren***[\/vc_column_text]<div class=\" ubtn-ctn-center \"><a class=\"ubtn-link ult-adjust-bottom-margin ubtn-center ubtn-normal \" href=\"https:\/\/www.gravityvector.com\/de\/bewerbung\/\" title=\"Bewerben\" ><button type=\"button\" id=\"ubtn-1944\"  class=\"ubtn ult-adjust-bottom-margin ult-responsive ubtn-normal ubtn-fade-bg  ulta-wobble-bottom  ubtn-sep-icon ubtn-sep-icon-left  ubtn-center   tooltip-69fb323418114\"  data-hover=\"\" data-border-color=\"\" data-bg=\"#2196f3\" data-hover-bg=\"\" data-border-hover=\"\" data-shadow-hover=\"\" data-shadow-click=\"none\" data-shadow=\"\" data-shd-shadow=\"\"  data-ultimate-target='#ubtn-1944'  data-responsive-json-new='{\"font-size\":\"desktop:18px;\",\"line-height\":\"\"}'  style=\"font-weight:normal;border:none;background: #2196f3;color: #f2f2f2;\"><span class=\"ubtn-data ubtn-icon\"><i class=\"icomoon-the7-font-telegram\" style=\"font-size:18px;color:;\"><\/i><\/span><span class=\"ubtn-hover\" style=\"background-color:\"><\/span><span class=\"ubtn-data ubtn-text \" >Jetzt Bewerben<\/span><\/button><\/a><\/div>[\/vc_tab][vc_tab title=&#8220;Marketing &amp; Verkauf&#8220; tab_id=&#8220;1597257478687-2-6&#8243;][vc_column_text]<\/p>\n<h2>Vertriebsmitarbeiter \u2013 Deutscher Markt<\/h2>\n<p>Split, Kroatien<br \/>\nFestanstellung<br \/>\nBewerben Sie sich auf der Unternehmensseite<br \/>\nTitel: Handelsvertreter<br \/>\nStandort: Split, Kroatien<br \/>\nDauer: Langfristig<\/p>\n<p><strong>Verantwortlichkeiten:<\/strong><\/p>\n<ul>\n<li>Formulieren Sie das Wertversprechen des Partnerprogramms klar und registrieren Sie neue Reseller f\u00fcr das Programm.<\/li>\n<li>Reagieren Sie rechtzeitig und genau auf Anrufe\/E-Mails von Wiederverk\u00e4ufern und leiten Sie diese gegebenenfalls weiter. Fahren Sie Antworten, wenn Zeit ben\u00f6tigt wird, um eine passende Antwort zu finden.<\/li>\n<li>Geben Sie grundlegende allgemeine Informationen zu Produkten f\u00fcr eingehende und ausgehende Anrufe oder E-Mails.<\/li>\n<li>Erkennen Sie hohe Gesch\u00e4ftschancen.<\/li>\n<li>Als Haupteingangspunkt f\u00fcr Telefonkontakte fungieren, die durch Partner-Telemarketing-Aktivit\u00e4ten und -Kampagnen generiert werden.<\/li>\n<li>Verarbeiten Sie Callout-Kampagnen basierend auf einer vordefinierten Liste von Resellern.<\/li>\n<li>Prozessspezifisches Marketing f\u00fcr Produkte und Dienstleistungen.<\/li>\n<\/ul>\n<p><strong>Wir bieten:<\/strong><\/p>\n<ul>\n<li>Vollzeit (35 Stunden\/Woche) von Montag bis Freitag und unbefristeter Vertrag<\/li>\n<li>Zeitplan: Von 09:00 bis 17:00 Uhr<\/li>\n<li>Regelm\u00e4\u00dfige und dauerhafte Incentives<\/li>\n<li>Spezifisches Verg\u00fctungsmodell basierend auf \u00dcbererf\u00fcllung<\/li>\n<\/ul>\n<p><strong>Anforderungen:<\/strong><\/p>\n<ul>\n<li>Flie\u00dfendes Englisch plus die f\u00fcr den Markt erforderlichen Sprachen<\/li>\n<li>Hervorragende Kommunikationsf\u00e4higkeiten (in Wort und Schrift)<\/li>\n<li>Bisherige Erfahrung im B2B-Vertrieb<\/li>\n<li>Positive Einstellung und Zielorientierung<\/li>\n<li>Erfahrung in Verhandlungen ist von Vorteil<\/li>\n<\/ul>\n<p><strong>Pers\u00f6nliche Charakteristiken<\/strong>:<\/p>\n<ul>\n<li>Komfortables Sprechen mit Gesch\u00e4ftsanwendern auf allen Ebenen<\/li>\n<li>Leistungsstarke Einzelperson sowie Teamplayer<\/li>\n<li>Bew\u00e4ltigen Sie Projektaufgaben mit minimaler Anleitung und Aufsicht<\/li>\n<li>Hochgradig organisiert und detailorientiert.<\/li>\n<li>Getrieben vom Zielerfolg<\/li>\n<li>Flexibilit\u00e4t bei der Priorisierung der Arbeitsbelastung<\/li>\n<\/ul>\n<p>***Die Rekrutierungsprozesse und die daran beteiligten Personen (sowohl Personalvermittler als auch Projektmanager) werden Kandidaturen nicht aufgrund von Alter, Behinderung, ethnischer Zugeh\u00f6rigkeit, Familienstand, Geschlecht, Nationalit\u00e4t, Weltanschauung, Politik, Rasse, Religion oder sexueller Orientierung diskriminieren***[\/vc_column_text]<div class=\" ubtn-ctn-center \"><a class=\"ubtn-link ult-adjust-bottom-margin ubtn-center ubtn-normal \" href=\"https:\/\/www.gravityvector.com\/de\/bewerbung\/\" title=\"Bewerben\" ><button type=\"button\" id=\"ubtn-5665\"  class=\"ubtn ult-adjust-bottom-margin ult-responsive ubtn-normal ubtn-fade-bg  ulta-wobble-bottom  ubtn-sep-icon ubtn-sep-icon-left  ubtn-center   tooltip-69fb323418143\"  data-hover=\"\" data-border-color=\"\" data-bg=\"#2196f3\" data-hover-bg=\"\" data-border-hover=\"\" data-shadow-hover=\"\" data-shadow-click=\"none\" data-shadow=\"\" data-shd-shadow=\"\"  data-ultimate-target='#ubtn-5665'  data-responsive-json-new='{\"font-size\":\"desktop:18px;\",\"line-height\":\"\"}'  style=\"font-weight:normal;border:none;background: #2196f3;color: #f2f2f2;\"><span class=\"ubtn-data ubtn-icon\"><i class=\"icomoon-the7-font-telegram\" style=\"font-size:18px;color:;\"><\/i><\/span><span class=\"ubtn-hover\" style=\"background-color:\"><\/span><span class=\"ubtn-data ubtn-text \" >Jetzt Bewerben<\/span><\/button><\/a><\/div>[\/vc_tab][\/vc_tabs][\/vc_column][\/vc_row]<\/p>\n","protected":false},"excerpt":{"rendered":"<p>[vc_row][vc_column][\/vc_column][\/vc_row][vc_row][vc_column][vc_column_text] Warum Gravity Vector? Unser Arbeitsplatz ist die ganze Welt,Gravity Vector entwickelt Spitzenprodukte f\u00fcr Kunden auf der ganzen Welt. Wir arbeiten an dynamischen Projekten im gesamten Spektrum der Branche. &nbsp; Menschen Unser gr\u00f6\u00dfter Wert sind unsere Mitarbeiter und ihre Zufriedenheit. Wir k\u00fcmmern uns um ihre finanziellen Pl\u00e4ne und Karrieren und helfen ihnen dabei, das zu&hellip;<\/p>\n","protected":false},"author":3,"featured_media":0,"parent":0,"menu_order":0,"comment_status":"closed","ping_status":"closed","template":"","meta":[],"_links":{"self":[{"href":"https:\/\/www.gravityvector.com\/de\/wp-json\/wp\/v2\/pages\/2029\/"}],"collection":[{"href":"https:\/\/www.gravityvector.com\/de\/wp-json\/wp\/v2\/pages\/"}],"about":[{"href":"https:\/\/www.gravityvector.com\/de\/wp-json\/wp\/v2\/types\/page\/"}],"author":[{"embeddable":true,"href":"https:\/\/www.gravityvector.com\/de\/wp-json\/wp\/v2\/users\/3\/"}],"replies":[{"embeddable":true,"href":"https:\/\/www.gravityvector.com\/de\/wp-json\/wp\/v2\/comments\/?post=2029"}],"version-history":[{"count":26,"href":"https:\/\/www.gravityvector.com\/de\/wp-json\/wp\/v2\/pages\/2029\/revisions\/"}],"predecessor-version":[{"id":2269,"href":"https:\/\/www.gravityvector.com\/de\/wp-json\/wp\/v2\/pages\/2029\/revisions\/2269\/"}],"wp:attachment":[{"href":"https:\/\/www.gravityvector.com\/de\/wp-json\/wp\/v2\/media\/?parent=2029"}],"curies":[{"name":"wp","href":"https:\/\/api.w.org\/{rel}","templated":true}]}}