{"id":2018,"date":"2022-03-01T09:23:03","date_gmt":"2022-03-01T09:23:03","guid":{"rendered":"https:\/\/www.gravityvector.com\/?page_id=2018"},"modified":"2022-03-29T07:09:38","modified_gmt":"2022-03-29T07:09:38","slug":"startseite","status":"publish","type":"page","link":"https:\/\/www.gravityvector.com\/de\/","title":{"rendered":"Startseite"},"content":{"rendered":"<p>[vc_row css_animation=&#8220;fadeInLeft&#8220;][vc_column width=&#8220;1\/5&#8243;]<div class=\"ult-just-icon-wrapper  \"><div class=\"align-icon\" style=\"text-align:center;\">\n<div class=\"aio-icon-img \" style=\"font-size:64px;display:inline-block;\" data-animation=\"fadeIn\" data-animation-delay=\"03\">\n\t<img class=\"img-icon\" alt=\"hardware design\" src=\"https:\/\/www.gravityvector.com\/wp-content\/uploads\/2020\/07\/hardware-design.png\"\/>\n<\/div><\/div><\/div>[vc_column_text]<\/p>\n<p style=\"text-align: center;\">EMBEDDED-HARDWARE- UND FIRMWARE DESIGN<\/p>\n<p>[\/vc_column_text][\/vc_column][vc_column width=&#8220;1\/5&#8243;]<div class=\"ult-just-icon-wrapper  \"><div class=\"align-icon\" style=\"text-align:center;\">\n<div class=\"aio-icon-img \" style=\"font-size:64px;display:inline-block;\" data-animation=\"fadeIn\" data-animation-delay=\"03\">\n\t<img class=\"img-icon\" alt=\"cloud computing\" src=\"https:\/\/www.gravityvector.com\/wp-content\/uploads\/2020\/07\/cloud-computing.png\"\/>\n<\/div><\/div><\/div>[vc_column_text]<\/p>\n<p style=\"text-align: center;\">INTERNET DER DINGE (IoT)<\/p>\n<p>[\/vc_column_text][\/vc_column][vc_column width=&#8220;1\/5&#8243;]<div class=\"ult-just-icon-wrapper  \"><div class=\"align-icon\" style=\"text-align:center;\">\n<div class=\"aio-icon-img \" style=\"font-size:64px;display:inline-block;\" data-animation=\"fadeIn\" data-animation-delay=\"03\">\n\t<img class=\"img-icon\" alt=\"software\" src=\"https:\/\/www.gravityvector.com\/wp-content\/uploads\/2020\/07\/software.png\"\/>\n<\/div><\/div><\/div>[vc_column_text]<\/p>\n<p style=\"text-align: center;\">DESKTOP-ANWENDUNGEN<\/p>\n<p>[\/vc_column_text][\/vc_column][vc_column width=&#8220;1\/5&#8243;]<div class=\"ult-just-icon-wrapper  \"><div class=\"align-icon\" style=\"text-align:center;\">\n<div class=\"aio-icon-img \" style=\"font-size:64px;display:inline-block;\" data-animation=\"fadeIn\" data-animation-delay=\"03\">\n\t<img class=\"img-icon\" alt=\"null\" src=\"https:\/\/www.gravityvector.com\/wp-content\/uploads\/2020\/07\/android-aps.png\"\/>\n<\/div><\/div><\/div>[vc_column_text]<\/p>\n<p style=\"text-align: center;\">ANDROID-ANWENDUNGEN<\/p>\n<p>[\/vc_column_text][\/vc_column][vc_column width=&#8220;1\/5&#8243;]<div class=\"ult-just-icon-wrapper  \"><div class=\"align-icon\" style=\"text-align:center;\">\n<div class=\"aio-icon-img \" style=\"font-size:64px;display:inline-block;\" data-animation=\"fadeIn\" data-animation-delay=\"03\">\n\t<img class=\"img-icon\" alt=\"null\" src=\"https:\/\/www.gravityvector.com\/wp-content\/uploads\/2020\/07\/cloud.png\"\/>\n<\/div><\/div><\/div>[vc_column_text]<\/p>\n<p style=\"text-align: center;\">CLOUD-ENGINEERING<\/p>\n<p>[\/vc_column_text][\/vc_column][\/vc_row][vc_row css=&#8220;.vc_custom_1596017853278{margin-bottom: 90px !important;}&#8220;][vc_column]<div class=\"ult-animation  ult-animate-viewport  ult-no-mobile  vc_custom_1638261746469\" data-animate=\"fadeInLeft\" data-animation-delay=\"0\" data-animation-duration=\"2\" data-animation-iteration=\"1\" style=\"opacity:0;\" data-opacity_start_effect=\"\">[vc_column_text css=&#8220;.vc_custom_1646046535290{margin-top: 15px !important;margin-bottom: 15px !important;border-top-width: 0px !important;border-bottom-width: 0px !important;padding-top: 0px !important;padding-bottom: 0px !important;}&#8220;]<\/p>\n<h4 style=\"text-align: center;\">F&amp;E UNTERNEHMEN, \u201cVOM BOARD BIS ZUR CLOUD&#8220;<\/h4>\n<p>[\/vc_column_text]<\/div><div class=\"ult-animation  ult-animate-viewport  ult-no-mobile  vc_custom_1638261751763\" data-animate=\"fadeInLeft\" data-animation-delay=\"1\" data-animation-duration=\"2\" data-animation-iteration=\"1\" style=\"opacity:0;\" data-opacity_start_effect=\"\">[vc_column_text css=&#8220;.vc_custom_1646046557593{margin-top: 15px !important;margin-bottom: 15px !important;border-top-width: 0px !important;border-bottom-width: 0px !important;padding-top: 0px !important;padding-bottom: 0px !important;}&#8220;]<\/p>\n<h4 style=\"text-align: center;\">FULL-STACK-SOFTWARE UND HARDWARE-DESIGN<\/h4>\n<p>[\/vc_column_text]<\/div><div class=\"ult-animation  ult-animate-viewport  ult-no-mobile \" data-animate=\"fadeInLeft\" data-animation-delay=\"2\" data-animation-duration=\"2\" data-animation-iteration=\"1\" style=\"opacity:0;\" data-opacity_start_effect=\"\">[vc_column_text css=&#8220;.vc_custom_1646046640178{margin-top: 15px !important;margin-bottom: 15px !important;border-top-width: 0px !important;border-bottom-width: 0px !important;padding-top: 0px !important;padding-bottom: 0px !important;}&#8220;]<\/p>\n<h4 style=\"text-align: center;\">TESTGETRIEBENE ENTWICKLUNG UND AUTOMATISIERTES TESTEN<\/h4>\n<p>[\/vc_column_text]<\/div><div class=\"ult-animation  ult-animate-viewport  ult-no-mobile \" data-animate=\"fadeInLeft\" data-animation-delay=\"3\" data-animation-duration=\"2\" data-animation-iteration=\"1\" style=\"opacity:0;\" data-opacity_start_effect=\"\">[vc_column_text css=&#8220;.vc_custom_1646314212533{margin-top: 15px !important;margin-bottom: 0px !important;border-top-width: 0px !important;border-bottom-width: 0px !important;padding-top: 0px !important;padding-bottom: 0px !important;}&#8220;]<\/p>\n<h4 style=\"text-align: center;\">INDUSTRIELLE QUALIT\u00c4TSENTWICKLUNG STANDARD<\/h4>\n<p>[\/vc_column_text]<\/div>[\/vc_column][\/vc_row][vc_row full_width=&#8220;stretch_row&#8220; bg_type=&#8220;image&#8220; parallax_style=&#8220;vcpb-default&#8220; bg_image_new=&#8220;id^2553|url^https:\/\/www.gravityvector.com\/wp-content\/uploads\/2022\/03\/code.jpg|caption^null|alt^null|title^code|description^null&#8220; bg_img_attach=&#8220;fixed&#8220; enable_overlay=&#8220;enable_overlay_value&#8220; overlay_color=&#8220;rgba(0,0,0,0.65)&#8220; css=&#8220;.vc_custom_1648537751163{margin-top: 20px !important;}&#8220;][vc_column][vc_row_inner][vc_column_inner]<div id=\"ultimate-heading-446369fb21abcc539\" class=\"uvc-heading ult-adjust-bottom-margin ultimate-heading-446369fb21abcc539 uvc-7815 \" data-hspacer=\"no_spacer\"  data-halign=\"left\" style=\"text-align:left\"><div class=\"uvc-heading-spacer no_spacer\" style=\"top\"><\/div><div class=\"uvc-main-heading ult-responsive\"  data-ultimate-target='.uvc-heading.ultimate-heading-446369fb21abcc539 h2'  data-responsive-json-new='{\"font-size\":\"desktop:32px;\",\"line-height\":\"\"}' ><h2 style=\"--font-weight:theme;color:#f2f2f2;margin-bottom:60px;\">Full-Stack-Design<\/h2><\/div><\/div>[\/vc_column_inner][\/vc_row_inner][vc_row_inner][vc_column_inner width=&#8220;1\/3&#8243;]<div class=\"aio-icon-component    style_1\"><a class=\"aio-icon-box-link\" href=\"https:\/\/www.gravityvector.com\/de\/sektoren\/#iot\" title=\"IoT-L\u00f6sungen\" ><div id=\"Info-box-wrap-7258\" class=\"aio-icon-box default-icon\" style=\"\"  ><div class=\"aio-icon-header\" ><h3 class=\"aio-icon-title ult-responsive\"  data-ultimate-target='#Info-box-wrap-7258 .aio-icon-title'  data-responsive-json-new='{\"font-size\":\"desktop:26px;\",\"line-height\":\"\"}'  style=\"color:#f2f2f2;\">IoT-L\u00f6sungen<\/h3><\/div> <!-- header --><div class=\"aio-icon-description ult-responsive\"  data-ultimate-target='#Info-box-wrap-7258 .aio-icon-description'  data-responsive-json-new='{\"font-size\":\"\",\"line-height\":\"\"}'  style=\"color:#f2f2f2;\">Entwerfen von tragbaren Gadgets \/ IoT-Apps und -Software \/ A\/D-Wandlern \/ Industrielle IoT-Systeme \/ Fern\u00fcberwachung<\/div> <!-- description --><\/div> <!-- aio-icon-box --><\/a><\/div> <!-- aio-icon-component -->[\/vc_column_inner][vc_column_inner width=&#8220;1\/3&#8243;]<div class=\"aio-icon-component    style_1\"><a class=\"aio-icon-box-link\" href=\"https:\/\/www.gravityvector.com\/de\/dienstleistungen\/\" title=\"Embedded-Software\" ><div id=\"Info-box-wrap-6712\" class=\"aio-icon-box default-icon\" style=\"\"  ><div class=\"aio-icon-header\" ><h3 class=\"aio-icon-title ult-responsive\"  data-ultimate-target='#Info-box-wrap-6712 .aio-icon-title'  data-responsive-json-new='{\"font-size\":\"desktop:26px;\",\"line-height\":\"\"}'  style=\"color:#f2f2f2;\">Embedded-Software<\/h3><\/div> <!-- header --><div class=\"aio-icon-description ult-responsive\"  data-ultimate-target='#Info-box-wrap-6712 .aio-icon-description'  data-responsive-json-new='{\"font-size\":\"\",\"line-height\":\"\"}'  style=\"color:#f2f2f2;\">Firmware-Entwicklung \/ Middleware und benutzerdefinierte Treiber \/ Protokoll-Implementierungen \/ HMI-Entwicklung \/ Bluetooth-Apps\u00a0 \/ Sensorsystemse<\/div> <!-- description --><\/div> <!-- aio-icon-box --><\/a><\/div> <!-- aio-icon-component -->[\/vc_column_inner][vc_column_inner width=&#8220;1\/3&#8243;]<div class=\"aio-icon-component    style_1\"><a class=\"aio-icon-box-link\" href=\"https:\/\/www.gravityvector.com\/de\/dienstleistungen\/#electronics\" title=\"Hardware-Design\" ><div id=\"Info-box-wrap-5177\" class=\"aio-icon-box default-icon\" style=\"\"  ><div class=\"aio-icon-header\" ><h3 class=\"aio-icon-title ult-responsive\"  data-ultimate-target='#Info-box-wrap-5177 .aio-icon-title'  data-responsive-json-new='{\"font-size\":\"desktop:26px;\",\"line-height\":\"\"}'  style=\"color:#f2f2f2;\">Hardware-Design<\/h3><\/div> <!-- header --><div class=\"aio-icon-description ult-responsive\"  data-ultimate-target='#Info-box-wrap-5177 .aio-icon-description'  data-responsive-json-new='{\"font-size\":\"\",\"line-height\":\"\"}'  style=\"color:#f2f2f2;\">Elektronisches Schaltungsdesign \/ PCB-Simulationen \/ Komplettes Systemdesign \/ PCB-Layout \/ Geh\u00e4usedesign<\/div> <!-- description --><\/div> <!-- aio-icon-box --><\/a><\/div> <!-- aio-icon-component -->[\/vc_column_inner][\/vc_row_inner][vc_row_inner css=&#8220;.vc_custom_1595950133277{margin-bottom: 30px !important;}&#8220;][vc_column_inner width=&#8220;1\/3&#8243;]<div class=\"aio-icon-component    style_1\"><a class=\"aio-icon-box-link\" href=\"https:\/\/www.gravityvector.com\/de\/sektoren\/\" title=\"Web-App-Entwicklung\" ><div id=\"Info-box-wrap-2774\" class=\"aio-icon-box default-icon\" style=\"\"  ><div class=\"aio-icon-header\" ><h3 class=\"aio-icon-title ult-responsive\"  data-ultimate-target='#Info-box-wrap-2774 .aio-icon-title'  data-responsive-json-new='{\"font-size\":\"desktop:26px;\",\"line-height\":\"\"}'  style=\"color:#f2f2f2;\">Web-App-Entwicklung<\/h3><\/div> <!-- header --><div class=\"aio-icon-description ult-responsive\"  data-ultimate-target='#Info-box-wrap-2774 .aio-icon-description'  data-responsive-json-new='{\"font-size\":\"\",\"line-height\":\"\"}'  style=\"color:#f2f2f2;\">Intelligente Bot-Apps \/ Digital-Asset-Management-Systeme \/ Portalentwicklung \/ Websysteme f\u00fcr soziale Unternehmen<\/div> <!-- description --><\/div> <!-- aio-icon-box --><\/a><\/div> <!-- aio-icon-component -->[\/vc_column_inner][vc_column_inner width=&#8220;1\/3&#8243;]<div class=\"aio-icon-component    style_1\"><a class=\"aio-icon-box-link\" href=\"https:\/\/www.gravityvector.com\/de\/sektoren\/#video\" title=\"Mobile L\u00f6sungen\" ><div id=\"Info-box-wrap-4212\" class=\"aio-icon-box default-icon\" style=\"\"  ><div class=\"aio-icon-header\" ><h3 class=\"aio-icon-title ult-responsive\"  data-ultimate-target='#Info-box-wrap-4212 .aio-icon-title'  data-responsive-json-new='{\"font-size\":\"desktop:26px;\",\"line-height\":\"\"}'  style=\"color:#f2f2f2;\">Mobile L\u00f6sungen<\/h3><\/div> <!-- header --><div class=\"aio-icon-description ult-responsive\"  data-ultimate-target='#Info-box-wrap-4212 .aio-icon-description'  data-responsive-json-new='{\"font-size\":\"\",\"line-height\":\"\"}'  style=\"color:#f2f2f2;\">Mobile Apps\u00a0 \/ Intelligente Ger\u00e4te und Wearables \/ Bildverarbeitung \/ Multimedia-Verteilung \u00a0\/ Tracking-Apps \/ Mobile Messenger<\/div> <!-- description --><\/div> <!-- aio-icon-box --><\/a><\/div> <!-- aio-icon-component -->[\/vc_column_inner][vc_column_inner width=&#8220;1\/3&#8243;]<div class=\"aio-icon-component    style_1\"><a class=\"aio-icon-box-link\" href=\"https:\/\/www.gravityvector.com\/de\/sektoren\/#iot\" title=\"Cloud-L\u00f6sungen\" ><div id=\"Info-box-wrap-1979\" class=\"aio-icon-box default-icon\" style=\"\"  ><div class=\"aio-icon-header\" ><h3 class=\"aio-icon-title ult-responsive\"  data-ultimate-target='#Info-box-wrap-1979 .aio-icon-title'  data-responsive-json-new='{\"font-size\":\"desktop:26px;\",\"line-height\":\"\"}'  style=\"color:#f2f2f2;\">Cloud-L\u00f6sungen<\/h3><\/div> <!-- header --><div class=\"aio-icon-description ult-responsive\"  data-ultimate-target='#Info-box-wrap-1979 .aio-icon-description'  data-responsive-json-new='{\"font-size\":\"\",\"line-height\":\"\"}'  style=\"color:#f2f2f2;\">Cloud-App-Entwicklung \/ IoT-Cloud-L\u00f6sungen \/ Optimierung \/ Cloud-Integration \/ Cloud-Beratung \/ Cloud-Bereitstellungsdienst<\/div> <!-- description --><\/div> <!-- aio-icon-box --><\/a><\/div> <!-- aio-icon-component -->[\/vc_column_inner][\/vc_row_inner][\/vc_column][\/vc_row][vc_row][vc_column]<div id=\"ultimate-heading-871869fb21abcc7b8\" class=\"uvc-heading ult-adjust-bottom-margin ultimate-heading-871869fb21abcc7b8 uvc-6902 \" data-hspacer=\"no_spacer\"  data-halign=\"left\" style=\"text-align:left\"><div class=\"uvc-heading-spacer no_spacer\" style=\"top\"><\/div><div class=\"uvc-main-heading ult-responsive\"  data-ultimate-target='.uvc-heading.ultimate-heading-871869fb21abcc7b8 h2'  data-responsive-json-new='{\"font-size\":\"desktop:32px;\",\"line-height\":\"\"}' ><h2 style=\"--font-weight:theme;margin-bottom:30px;\">Warum uns?<\/h2><\/div><\/div>[vc_row_inner][vc_column_inner width=&#8220;1\/2&#8243;]<div class=\"aio-icon-component    style_1\"><div id=\"Info-box-wrap-7048\" class=\"aio-icon-box left-icon\" style=\"\"  ><div class=\"aio-icon-left\"><div class=\"ult-just-icon-wrapper  \"><div class=\"align-icon\" style=\"text-align:center;\">\n<div class=\"aio-icon none \"  style=\"color:#6ec6ff;font-size:48px;display:inline-block;\">\n\t<i class=\"dt-icon-the7-settings\"><\/i>\n<\/div><\/div><\/div><\/div><div class=\"aio-ibd-block\"><div class=\"aio-icon-header\" ><h3 class=\"aio-icon-title ult-responsive\"  data-ultimate-target='#Info-box-wrap-7048 .aio-icon-title'  data-responsive-json-new='{\"font-size\":\"desktop:22px;\",\"line-height\":\"\"}'  style=\"\">Projektmanagement<\/h3><\/div> <!-- header --><div class=\"aio-icon-description ult-responsive\"  data-ultimate-target='#Info-box-wrap-7048 .aio-icon-description'  data-responsive-json-new='{\"font-size\":\"\",\"line-height\":\"\"}'  style=\"\">Wir bieten komplettes Projektmanagement mit Jira\/Spira und \u00e4hnlichen Projektmanagement-Tools. Das Projekt wird mit agilen Methoden verwaltet und nach Demo und Pr\u00e4sentation in Sprints geliefert.<\/div> <!-- description --><\/div> <!-- aio-ibd-block --><\/div> <!-- aio-icon-box --><\/div> <!-- aio-icon-component -->[\/vc_column_inner][vc_column_inner width=&#8220;1\/2&#8243;]<div class=\"aio-icon-component    style_1\"><div id=\"Info-box-wrap-5398\" class=\"aio-icon-box left-icon\" style=\"\"  ><div class=\"aio-icon-left\"><div class=\"ult-just-icon-wrapper  \"><div class=\"align-icon\" style=\"text-align:center;\">\n<div class=\"aio-icon none \"  style=\"color:#6ec6ff;font-size:48px;display:inline-block;\">\n\t<i class=\"dt-icon-the7-refresh-07\"><\/i>\n<\/div><\/div><\/div><\/div><div class=\"aio-ibd-block\"><div class=\"aio-icon-header\" ><h3 class=\"aio-icon-title ult-responsive\"  data-ultimate-target='#Info-box-wrap-5398 .aio-icon-title'  data-responsive-json-new='{\"font-size\":\"desktop:22px;\",\"line-height\":\"\"}'  style=\"\">Produktlebenszyklus-Management<\/h3><\/div> <!-- header --><div class=\"aio-icon-description ult-responsive\"  data-ultimate-target='#Info-box-wrap-5398 .aio-icon-description'  data-responsive-json-new='{\"font-size\":\"\",\"line-height\":\"\"}'  style=\"\">Wir bieten technischen Support je nach Bedarf (Level1-, Level2- und Level3-Support). Fehlerbehebung, Konfiguration und Bereitstellung von IT-Systemen, Fehlerbehebung, Code\u00fcberpr\u00fcfung, Legacy-Update und neue Funktionen f\u00fcr Jahre nach der Produktver\u00f6ffentlichung.<\/div> <!-- description --><\/div> <!-- aio-ibd-block --><\/div> <!-- aio-icon-box --><\/div> <!-- aio-icon-component -->[\/vc_column_inner][\/vc_row_inner][vc_row_inner][vc_column_inner width=&#8220;1\/2&#8243;]<div class=\"aio-icon-component    style_1\"><div id=\"Info-box-wrap-8311\" class=\"aio-icon-box left-icon\" style=\"\"  ><div class=\"aio-icon-left\"><div class=\"ult-just-icon-wrapper  \"><div class=\"align-icon\" style=\"text-align:center;\">\n<div class=\"aio-icon none \"  style=\"color:#6ec6ff;font-size:48px;display:inline-block;\">\n\t<i class=\"dt-icon-the7-menu-004\"><\/i>\n<\/div><\/div><\/div><\/div><div class=\"aio-ibd-block\"><div class=\"aio-icon-header\" ><h3 class=\"aio-icon-title ult-responsive\"  data-ultimate-target='#Info-box-wrap-8311 .aio-icon-title'  data-responsive-json-new='{\"font-size\":\"desktop:22px;\",\"line-height\":\"\"}'  style=\"\">Produktzertifizierung<\/h3><\/div> <!-- header --><div class=\"aio-icon-description ult-responsive\"  data-ultimate-target='#Info-box-wrap-8311 .aio-icon-description'  data-responsive-json-new='{\"font-size\":\"\",\"line-height\":\"\"}'  style=\"\">Abh\u00e4ngig von den Industriestandards k\u00f6nnen wir Vorschriften und Standards einhalten. F\u00fcr Medizinprodukte: IEC 62304, Automotive: ISO 26262 oder Milit\u00e4rprodukt: MIL1389D.<br \/>\nDas Unternehmen verwendet eigene Laborger\u00e4te f\u00fcr die EMV-Konformit\u00e4t.<\/div> <!-- description --><\/div> <!-- aio-ibd-block --><\/div> <!-- aio-icon-box --><\/div> <!-- aio-icon-component -->[\/vc_column_inner][vc_column_inner width=&#8220;1\/2&#8243;]<div class=\"aio-icon-component    style_1\"><div id=\"Info-box-wrap-2443\" class=\"aio-icon-box left-icon\" style=\"\"  ><div class=\"aio-icon-left\"><div class=\"ult-just-icon-wrapper  \"><div class=\"align-icon\" style=\"text-align:center;\">\n<div class=\"aio-icon none \"  style=\"color:#6ec6ff;font-size:48px;display:inline-block;\">\n\t<i class=\"dt-icon-the7-menu-014\"><\/i>\n<\/div><\/div><\/div><\/div><div class=\"aio-ibd-block\"><div class=\"aio-icon-header\" ><h3 class=\"aio-icon-title ult-responsive\"  data-ultimate-target='#Info-box-wrap-2443 .aio-icon-title'  data-responsive-json-new='{\"font-size\":\"desktop:22px;\",\"line-height\":\"\"}'  style=\"\">Informationen und Produktdatenschutz<\/h3><\/div> <!-- header --><div class=\"aio-icon-description ult-responsive\"  data-ultimate-target='#Info-box-wrap-2443 .aio-icon-description'  data-responsive-json-new='{\"font-size\":\"\",\"line-height\":\"\"}'  style=\"\">Gravity Vector k\u00fcmmert sich um alle Informationen, die f\u00fcr die Gestaltung Ihres Produkts gesammelt werden. Unsere gr\u00f6\u00dfte Verantwortung gegen\u00fcber unseren Kunden ist Diskretion und Informationssicherheit.<\/div> <!-- description --><\/div> <!-- aio-ibd-block --><\/div> <!-- aio-icon-box --><\/div> <!-- aio-icon-component -->[\/vc_column_inner][\/vc_row_inner][\/vc_column][\/vc_row][vc_row][vc_column]<div id=\"ultimate-heading-698069fb21abcc8ef\" class=\"uvc-heading ult-adjust-bottom-margin ultimate-heading-698069fb21abcc8ef uvc-1555 \" data-hspacer=\"no_spacer\"  data-halign=\"left\" style=\"text-align:left\"><div class=\"uvc-heading-spacer no_spacer\" style=\"top\"><\/div><div class=\"uvc-main-heading ult-responsive\"  data-ultimate-target='.uvc-heading.ultimate-heading-698069fb21abcc8ef h2'  data-responsive-json-new='{\"font-size\":\"desktop:32px;\",\"line-height\":\"\"}' ><h2 style=\"--font-weight:theme;margin-bottom:30px;\">Was bekommen Sie?<\/h2><\/div><\/div>[vc_tour interval=&#8220;0&#8243; style=&#8220;tab-style-two&#8220;][vc_tab title=&#8220;Qualit\u00e4t&#8220; tab_id=&#8220;67a3aeb1-0d45-5&#8243;][vc_column_text]Unser Hauptziel ist Produktqualit\u00e4t und Zuverl\u00e4ssigkeit. Wir verwenden die besten TDD- und BDD-Praktiken, um qualitativ hochwertige Designergebnisse sicherzustellen.[\/vc_column_text][\/vc_tab][vc_tab title=&#8220;Skalierbarkeit&#8220; tab_id=&#8220;a9f0e239-3012-9&#8243;][vc_column_text]W\u00e4hrend des Designs k\u00fcmmern wir uns um Modularit\u00e4t, Wiederverwendbarkeit und Wartung Ihres Produkts w\u00e4hrend der gesamten Lebensdauer.[\/vc_column_text][\/vc_tab][vc_tab title=&#8220;Kommunikation&#8220; tab_id=&#8220;1596017266322-2-9&#8243;][vc_column_text]Eine gute Kommunikation ist f\u00fcr die Entwicklung eines jeden erfolgreichen Produktentwicklungsprojekts unerl\u00e4sslich. Wir schaffen eine stabile und einfache Art der Kommunikation und Zusammenarbeit w\u00e4hrend der Entwicklung und nach der Ver\u00f6ffentlichung des Produkts.[\/vc_column_text][\/vc_tab][vc_tab title=&#8220;Proaktiver Support&#8220; tab_id=&#8220;1596017282760-3-0&#8243;][vc_column_text]Unsere hochqualifizierten Ingenieure entwerfen \/ testen und \u00fcberwachen Ihr Produkt t\u00e4glich und halten Sie \u00fcber m\u00f6gliche Verbesserungen und Funktionserweiterungen auf dem Laufenden. Gravity Vector unterst\u00fctzt Sie bei der Auswahl der besten technologischen Verbesserungen und Standards, damit Ihr Produkt zu den Top-Konkurrenten geh\u00f6rt.[\/vc_column_text][\/vc_tab][\/vc_tour][\/vc_column][\/vc_row]<\/p>\n","protected":false},"excerpt":{"rendered":"<p>[vc_row css_animation=&#8220;fadeInLeft&#8220;][vc_column width=&#8220;1\/5&#8243;][vc_column_text] EMBEDDED-HARDWARE- UND FIRMWARE DESIGN [\/vc_column_text][\/vc_column][vc_column width=&#8220;1\/5&#8243;][vc_column_text] INTERNET DER DINGE (IoT) [\/vc_column_text][\/vc_column][vc_column width=&#8220;1\/5&#8243;][vc_column_text] DESKTOP-ANWENDUNGEN [\/vc_column_text][\/vc_column][vc_column width=&#8220;1\/5&#8243;][vc_column_text] ANDROID-ANWENDUNGEN [\/vc_column_text][\/vc_column][vc_column width=&#8220;1\/5&#8243;][vc_column_text] CLOUD-ENGINEERING [\/vc_column_text][\/vc_column][\/vc_row][vc_row css=&#8220;.vc_custom_1596017853278{margin-bottom: 90px !important;}&#8220;][vc_column][\/vc_column][\/vc_row][vc_row full_width=&#8220;stretch_row&#8220; bg_type=&#8220;image&#8220; parallax_style=&#8220;vcpb-default&#8220; bg_image_new=&#8220;id^2553|url^https:\/\/www.gravityvector.com\/wp-content\/uploads\/2022\/03\/code.jpg|caption^null|alt^null|title^code|description^null&#8220; bg_img_attach=&#8220;fixed&#8220; enable_overlay=&#8220;enable_overlay_value&#8220; overlay_color=&#8220;rgba(0,0,0,0.65)&#8220; css=&#8220;.vc_custom_1648537751163{margin-top: 20px !important;}&#8220;][vc_column][vc_row_inner][vc_column_inner][\/vc_column_inner][\/vc_row_inner][vc_row_inner][vc_column_inner width=&#8220;1\/3&#8243;][\/vc_column_inner][vc_column_inner width=&#8220;1\/3&#8243;][\/vc_column_inner][vc_column_inner width=&#8220;1\/3&#8243;][\/vc_column_inner][\/vc_row_inner][vc_row_inner css=&#8220;.vc_custom_1595950133277{margin-bottom: 30px !important;}&#8220;][vc_column_inner width=&#8220;1\/3&#8243;][\/vc_column_inner][vc_column_inner width=&#8220;1\/3&#8243;][\/vc_column_inner][vc_column_inner width=&#8220;1\/3&#8243;][\/vc_column_inner][\/vc_row_inner][\/vc_column][\/vc_row][vc_row][vc_column][vc_row_inner][vc_column_inner width=&#8220;1\/2&#8243;][\/vc_column_inner][vc_column_inner width=&#8220;1\/2&#8243;][\/vc_column_inner][\/vc_row_inner][vc_row_inner][vc_column_inner width=&#8220;1\/2&#8243;][\/vc_column_inner][vc_column_inner width=&#8220;1\/2&#8243;][\/vc_column_inner][\/vc_row_inner][\/vc_column][\/vc_row][vc_row][vc_column][vc_tour interval=&#8220;0&#8243; style=&#8220;tab-style-two&#8220;][vc_tab title=&#8220;Qualit\u00e4t&#8220; tab_id=&#8220;67a3aeb1-0d45-5&#8243;][vc_column_text]Unser Hauptziel ist&hellip;<\/p>\n","protected":false},"author":3,"featured_media":0,"parent":0,"menu_order":0,"comment_status":"closed","ping_status":"closed","template":"","meta":[],"_links":{"self":[{"href":"https:\/\/www.gravityvector.com\/de\/wp-json\/wp\/v2\/pages\/2018\/"}],"collection":[{"href":"https:\/\/www.gravityvector.com\/de\/wp-json\/wp\/v2\/pages\/"}],"about":[{"href":"https:\/\/www.gravityvector.com\/de\/wp-json\/wp\/v2\/types\/page\/"}],"author":[{"embeddable":true,"href":"https:\/\/www.gravityvector.com\/de\/wp-json\/wp\/v2\/users\/3\/"}],"replies":[{"embeddable":true,"href":"https:\/\/www.gravityvector.com\/de\/wp-json\/wp\/v2\/comments\/?post=2018"}],"version-history":[{"count":17,"href":"https:\/\/www.gravityvector.com\/de\/wp-json\/wp\/v2\/pages\/2018\/revisions\/"}],"predecessor-version":[{"id":2555,"href":"https:\/\/www.gravityvector.com\/de\/wp-json\/wp\/v2\/pages\/2018\/revisions\/2555\/"}],"wp:attachment":[{"href":"https:\/\/www.gravityvector.com\/de\/wp-json\/wp\/v2\/media\/?parent=2018"}],"curies":[{"name":"wp","href":"https:\/\/api.w.org\/{rel}","templated":true}]}}