{"id":2005,"date":"2022-03-03T09:29:01","date_gmt":"2022-03-03T09:29:01","guid":{"rendered":"https:\/\/www.gravityvector.com\/?page_id=2005"},"modified":"2022-03-14T15:04:30","modified_gmt":"2022-03-14T15:04:30","slug":"kontakt","status":"publish","type":"page","link":"https:\/\/www.gravityvector.com\/de\/kontakt\/","title":{"rendered":"Kontakt"},"content":{"rendered":"<p>[vc_row][vc_column width=&#8220;1\/2&#8243;]<div id=\"ultimate-heading-497469fb31cc17007\" class=\"uvc-heading ult-adjust-bottom-margin ultimate-heading-497469fb31cc17007 uvc-7882 \" data-hspacer=\"no_spacer\"  data-halign=\"left\" style=\"text-align:left\"><div class=\"uvc-heading-spacer no_spacer\" style=\"top\"><\/div><div class=\"uvc-main-heading ult-responsive\"  data-ultimate-target='.uvc-heading.ultimate-heading-497469fb31cc17007 h2'  data-responsive-json-new='{\"font-size\":\"desktop:22px;\",\"line-height\":\"\"}' ><h2 style=\"--font-weight:theme;margin-bottom:20px;\">Kontaktinformation<\/h2><\/div><\/div>[vc_row_inner][vc_column_inner width=&#8220;1\/2&#8243;]<div class=\"aio-icon-component    style_1\"><div id=\"Info-box-wrap-9443\" class=\"aio-icon-box default-icon\" style=\"\"  ><div class=\"aio-icon-default\"><div class=\"ult-just-icon-wrapper  \"><div class=\"align-icon\" style=\"text-align:center;\">\n<div class=\"aio-icon circle \"  style=\"color:#ffffff;background:#2196f3;font-size:24px;display:inline-block;\">\n\t<i class=\"icomoon-the7-font-the7-mail-01\"><\/i>\n<\/div><\/div><\/div><\/div><div class=\"aio-icon-header\" ><a class=\"aio-icon-box-link\" href=\"mailto:info@gravityvector.com\" ><h3 class=\"aio-icon-title ult-responsive\"  data-ultimate-target='#Info-box-wrap-9443 .aio-icon-title'  data-responsive-json-new='{\"font-size\":\"\",\"line-height\":\"\"}'  style=\"\">info@gravityvector.com<\/h3><\/a><\/div> <!-- header --><\/div> <!-- aio-icon-box --><\/div> <!-- aio-icon-component -->[\/vc_column_inner][vc_column_inner width=&#8220;1\/2&#8243;]<div class=\"aio-icon-component    style_1\"><div id=\"Info-box-wrap-8772\" class=\"aio-icon-box default-icon\" style=\"\"  ><div class=\"aio-icon-default\"><div class=\"ult-just-icon-wrapper  \"><div class=\"align-icon\" style=\"text-align:center;\">\n<div class=\"aio-icon circle \"  style=\"color:#ffffff;background:#2196f3;font-size:24px;display:inline-block;\">\n\t<i class=\"icomoon-the7-font-the7-phone-01\"><\/i>\n<\/div><\/div><\/div><\/div><div class=\"aio-icon-header\" ><a class=\"aio-icon-box-link\" href=\"tel:+385958261111\" ><h3 class=\"aio-icon-title ult-responsive\"  data-ultimate-target='#Info-box-wrap-8772 .aio-icon-title'  data-responsive-json-new='{\"font-size\":\"\",\"line-height\":\"\"}'  style=\"\">+385 95 826 1111<\/h3><\/a><\/div> <!-- header --><\/div> <!-- aio-icon-box --><\/div> <!-- aio-icon-component -->[\/vc_column_inner][\/vc_row_inner]<div id=\"ultimate-heading-83869fb31cc177b2\" class=\"uvc-heading ult-adjust-bottom-margin ultimate-heading-83869fb31cc177b2 uvc-8230 \" data-hspacer=\"no_spacer\"  data-halign=\"left\" style=\"text-align:left\"><div class=\"uvc-heading-spacer no_spacer\" style=\"top\"><\/div><div class=\"uvc-main-heading ult-responsive\"  data-ultimate-target='.uvc-heading.ultimate-heading-83869fb31cc177b2 h2'  data-responsive-json-new='{\"font-size\":\"desktop:22px;\",\"line-height\":\"\"}' ><h2 style=\"--font-weight:theme;margin-bottom:20px;\">Standorte<\/h2><\/div><div class=\"uvc-sub-heading ult-responsive\"  data-ultimate-target='.uvc-heading.ultimate-heading-83869fb31cc177b2 .uvc-sub-heading '  data-responsive-json-new='{\"font-size\":\"\",\"line-height\":\"\"}'  style=\"font-weight:normal;\">Gravity Vector befindet sich an zwei verschiedenen Standorten. Das erste B\u00fcro befindet sich in Poljica, Obala 25, 21222, und das zweite neben der FESB-Universit\u00e4t.<\/div><\/div><div class=\"aio-icon-component  vc_custom_1646297758947   style_1\"><div id=\"Info-box-wrap-3377\" class=\"aio-icon-box default-icon\" style=\"\"  ><div class=\"aio-icon-default\"><div class=\"ult-just-icon-wrapper  \"><div class=\"align-icon\" style=\"text-align:center;\">\n<div class=\"aio-icon circle \"  style=\"color:#ffffff;background:#2196f3;font-size:24px;display:inline-block;\">\n\t<i class=\"icomoon-the7-font-the7-map-02\"><\/i>\n<\/div><\/div><\/div><\/div><div class=\"aio-icon-header\" ><a class=\"aio-icon-box-link\" ><h3 class=\"aio-icon-title ult-responsive\"  data-ultimate-target='#Info-box-wrap-3377 .aio-icon-title'  data-responsive-json-new='{\"font-size\":\"\",\"line-height\":\"\"}'  style=\"\">Obala 25, 21222 Poljica (Marina), Kroatien<\/h3><\/a><\/div> <!-- header --><\/div> <!-- aio-icon-box --><\/div> <!-- aio-icon-component --><div id='wrap_map_69fb31cc1794e' class='ultimate-map-wrapper ult-adjust-bottom-margin ' style=' height:300px;'><div id='map_69fb31cc1794e' data-map_override='0' class='ultimate_google_map wpb_content_element page_margin_top' style='width:100%;height:300px;'><\/div><\/div><script type='text\/javascript'>\n\t\t\t(function($) {\n  \t\t\t'use strict';\n\t\t\tvar map_map_69fb31cc1794e = null;\n\t\t\tvar coordinate_map_69fb31cc1794e;\n\t\t\tvar isDraggable = $(document).width() > 641 ? true : true;\n\t\t\ttry\n\t\t\t{\n\t\t\t\tvar map_map_69fb31cc1794e = null;\n\t\t\t\tvar coordinate_map_69fb31cc1794e;\n\t\t\t\tcoordinate_map_69fb31cc1794e=new google.maps.LatLng(43.5201, 16.1323);\n\t\t\t\tvar mapOptions=\n\t\t\t\t{\n\t\t\t\t\tzoom: 12,\n\t\t\t\t\tcenter: coordinate_map_69fb31cc1794e,\n\t\t\t\t\tscaleControl: true,\n\t\t\t\t\tstreetViewControl: false,\n\t\t\t\t\tmapTypeControl: false,\n\t\t\t\t\tpanControl: false,\n\t\t\t\t\tzoomControl: false,\n\t\t\t\t\tscrollwheel: true,\n\t\t\t\t\tdraggable: isDraggable,\n\t\t\t\t\tzoomControlOptions: {\n\t\t\t\t\t\tposition: google.maps.ControlPosition.RIGHT_BOTTOM\n\t\t\t\t\t},mapTypeId: google.maps.MapTypeId.ROADMAP,};var map_map_69fb31cc1794e = new google.maps.Map(document.getElementById('map_69fb31cc1794e'),mapOptions);\n\t\t\t\t\t\tvar x = 'infowindow_open_value';\n\t\t\t\t\t\tvar marker_map_69fb31cc1794e = new google.maps.Marker({\n\t\t\t\t\t\tposition: new google.maps.LatLng(43.5201, 16.1323),\n\t\t\t\t\t\tanimation:  google.maps.Animation.DROP,\n\t\t\t\t\t\tmap: map_map_69fb31cc1794e,\n\t\t\t\t\t\ticon: 'https:\/\/www.gravityvector.com\/wp-content\/plugins\/Ultimate_VC_Addons\/assets\/img\/icon-marker-pink.png'\n\t\t\t\t\t});\tgoogle.maps.event.addListener(marker_map_69fb31cc1794e, 'click', toggleBounce);}\n\t\t\tcatch(e){};\n\t\t\tjQuery(document).ready(function($){\n\t\t\t\tgoogle.maps.event.trigger(map_map_69fb31cc1794e, 'resize');\n\t\t\t\t$(window).resize(function(){\n\t\t\t\t\tgoogle.maps.event.trigger(map_map_69fb31cc1794e, 'resize');\n\t\t\t\t\tif(map_map_69fb31cc1794e!=null)\n\t\t\t\t\t\tmap_map_69fb31cc1794e.setCenter(coordinate_map_69fb31cc1794e);\n\t\t\t\t});\n\t\t\t\t$('.ui-tabs').bind('tabsactivate', function(event, ui) {\n\t\t\t\t   if($(this).find('.ultimate-map-wrapper').length > 0)\n\t\t\t\t\t{\n\t\t\t\t\t\tsetTimeout(function(){\n\t\t\t\t\t\t\t$(window).trigger('resize');\n\t\t\t\t\t\t},200);\n\t\t\t\t\t}\n\t\t\t\t});\n\t\t\t\t$('.ui-accordion').bind('accordionactivate', function(event, ui) {\n\t\t\t\t   if($(this).find('.ultimate-map-wrapper').length > 0)\n\t\t\t\t\t{\n\t\t\t\t\t\tsetTimeout(function(){\n\t\t\t\t\t\t\t$(window).trigger('resize');\n\t\t\t\t\t\t},200);\n\t\t\t\t\t}\n\t\t\t\t});\n\t\t\t\t$(window).load(function(){\n\t\t\t\t\tsetTimeout(function(){\n\t\t\t\t\t\t$(window).trigger('resize');\n\t\t\t\t\t},200);\n\t\t\t\t});\n\t\t\t\t$('.ult_exp_section').select(function(){\n\t\t\t\t\tif($(map_map_69fb31cc1794e).parents('.ult_exp_section'))\n\t\t\t\t\t{\n\t\t\t\t\t\tsetTimeout(function(){\n\t\t\t\t\t\t\t$(window).trigger('resize');\n\t\t\t\t\t\t},200);\n\t\t\t\t\t}\n\t\t\t\t});\n\t\t\t\t$(document).on('onUVCModalPopupOpen', function(){\n\t\t\t\t\tif($(map_map_69fb31cc1794e).parents('.ult_modal-content'))\n\t\t\t\t\t{\n\t\t\t\t\t\tsetTimeout(function(){\n\t\t\t\t\t\t\t$(window).trigger('resize');\n\t\t\t\t\t\t},200);\n\t\t\t\t\t}\n\t\t\t\t});\n\t\t\t\t$(document).on('click','.ult_tab_li',function(){\n\t\t\t\t\t$(window).trigger('resize');\n\t\t\t\t\tsetTimeout(function(){\n\t\t\t\t\t\t$(window).trigger('resize');\n\t\t\t\t\t},200);\n\t\t\t\t});\n\t\t\t});\n\t\t\tfunction toggleBounce() {\n\t\t\t  if (marker_map_69fb31cc1794e.getAnimation() != null) {\n\t\t\t\tmarker_map_69fb31cc1794e.setAnimation(null);\n\t\t\t  } else {\n\t\t\t\tmarker_map_69fb31cc1794e.setAnimation(google.maps.Animation.BOUNCE);\n\t\t\t  }\n\t\t\t}\n\t\t\t})(jQuery);\n\t\t\t<\/script><div class=\"aio-icon-component    style_1\"><div id=\"Info-box-wrap-5221\" class=\"aio-icon-box default-icon\" style=\"\"  ><div class=\"aio-icon-default\"><div class=\"ult-just-icon-wrapper  \"><div class=\"align-icon\" style=\"text-align:center;\">\n<div class=\"aio-icon circle \"  style=\"color:#ffffff;background:#2196f3;font-size:24px;display:inline-block;\">\n\t<i class=\"icomoon-the7-font-the7-map-02\"><\/i>\n<\/div><\/div><\/div><\/div><div class=\"aio-icon-header\" ><a class=\"aio-icon-box-link\" ><h3 class=\"aio-icon-title ult-responsive\"  data-ultimate-target='#Info-box-wrap-5221 .aio-icon-title'  data-responsive-json-new='{\"font-size\":\"\",\"line-height\":\"\"}'  style=\"\">Ru\u0111era Bo\u0161kovi\u0107a 13, 21000 Split, Kroatien<\/h3><\/a><\/div> <!-- header --><\/div> <!-- aio-icon-box --><\/div> <!-- aio-icon-component --><div id='wrap_map_69fb31cc17b8b' class='ultimate-map-wrapper ult-adjust-bottom-margin ' style=' height:300px;'><div id='map_69fb31cc17b8b' data-map_override='0' class='ultimate_google_map wpb_content_element page_margin_top' style='width:100%;height:300px;'><\/div><\/div><script type='text\/javascript'>\n\t\t\t(function($) {\n  \t\t\t'use strict';\n\t\t\tvar map_map_69fb31cc17b8b = null;\n\t\t\tvar coordinate_map_69fb31cc17b8b;\n\t\t\tvar isDraggable = $(document).width() > 641 ? true : true;\n\t\t\ttry\n\t\t\t{\n\t\t\t\tvar map_map_69fb31cc17b8b = null;\n\t\t\t\tvar coordinate_map_69fb31cc17b8b;\n\t\t\t\tcoordinate_map_69fb31cc17b8b=new google.maps.LatLng(43.507420, 16.466280);\n\t\t\t\tvar mapOptions=\n\t\t\t\t{\n\t\t\t\t\tzoom: 12,\n\t\t\t\t\tcenter: coordinate_map_69fb31cc17b8b,\n\t\t\t\t\tscaleControl: true,\n\t\t\t\t\tstreetViewControl: false,\n\t\t\t\t\tmapTypeControl: false,\n\t\t\t\t\tpanControl: false,\n\t\t\t\t\tzoomControl: false,\n\t\t\t\t\tscrollwheel: true,\n\t\t\t\t\tdraggable: isDraggable,\n\t\t\t\t\tzoomControlOptions: {\n\t\t\t\t\t\tposition: google.maps.ControlPosition.RIGHT_BOTTOM\n\t\t\t\t\t},mapTypeId: google.maps.MapTypeId.ROADMAP,};var map_map_69fb31cc17b8b = new google.maps.Map(document.getElementById('map_69fb31cc17b8b'),mapOptions);\n\t\t\t\t\t\tvar x = 'infowindow_open_value';\n\t\t\t\t\t\tvar marker_map_69fb31cc17b8b = new google.maps.Marker({\n\t\t\t\t\t\tposition: new google.maps.LatLng(43.507420, 16.466280),\n\t\t\t\t\t\tanimation:  google.maps.Animation.DROP,\n\t\t\t\t\t\tmap: map_map_69fb31cc17b8b,\n\t\t\t\t\t\ticon: 'https:\/\/www.gravityvector.com\/wp-content\/plugins\/Ultimate_VC_Addons\/assets\/img\/icon-marker-pink.png'\n\t\t\t\t\t});\tgoogle.maps.event.addListener(marker_map_69fb31cc17b8b, 'click', toggleBounce);}\n\t\t\tcatch(e){};\n\t\t\tjQuery(document).ready(function($){\n\t\t\t\tgoogle.maps.event.trigger(map_map_69fb31cc17b8b, 'resize');\n\t\t\t\t$(window).resize(function(){\n\t\t\t\t\tgoogle.maps.event.trigger(map_map_69fb31cc17b8b, 'resize');\n\t\t\t\t\tif(map_map_69fb31cc17b8b!=null)\n\t\t\t\t\t\tmap_map_69fb31cc17b8b.setCenter(coordinate_map_69fb31cc17b8b);\n\t\t\t\t});\n\t\t\t\t$('.ui-tabs').bind('tabsactivate', function(event, ui) {\n\t\t\t\t   if($(this).find('.ultimate-map-wrapper').length > 0)\n\t\t\t\t\t{\n\t\t\t\t\t\tsetTimeout(function(){\n\t\t\t\t\t\t\t$(window).trigger('resize');\n\t\t\t\t\t\t},200);\n\t\t\t\t\t}\n\t\t\t\t});\n\t\t\t\t$('.ui-accordion').bind('accordionactivate', function(event, ui) {\n\t\t\t\t   if($(this).find('.ultimate-map-wrapper').length > 0)\n\t\t\t\t\t{\n\t\t\t\t\t\tsetTimeout(function(){\n\t\t\t\t\t\t\t$(window).trigger('resize');\n\t\t\t\t\t\t},200);\n\t\t\t\t\t}\n\t\t\t\t});\n\t\t\t\t$(window).load(function(){\n\t\t\t\t\tsetTimeout(function(){\n\t\t\t\t\t\t$(window).trigger('resize');\n\t\t\t\t\t},200);\n\t\t\t\t});\n\t\t\t\t$('.ult_exp_section').select(function(){\n\t\t\t\t\tif($(map_map_69fb31cc17b8b).parents('.ult_exp_section'))\n\t\t\t\t\t{\n\t\t\t\t\t\tsetTimeout(function(){\n\t\t\t\t\t\t\t$(window).trigger('resize');\n\t\t\t\t\t\t},200);\n\t\t\t\t\t}\n\t\t\t\t});\n\t\t\t\t$(document).on('onUVCModalPopupOpen', function(){\n\t\t\t\t\tif($(map_map_69fb31cc17b8b).parents('.ult_modal-content'))\n\t\t\t\t\t{\n\t\t\t\t\t\tsetTimeout(function(){\n\t\t\t\t\t\t\t$(window).trigger('resize');\n\t\t\t\t\t\t},200);\n\t\t\t\t\t}\n\t\t\t\t});\n\t\t\t\t$(document).on('click','.ult_tab_li',function(){\n\t\t\t\t\t$(window).trigger('resize');\n\t\t\t\t\tsetTimeout(function(){\n\t\t\t\t\t\t$(window).trigger('resize');\n\t\t\t\t\t},200);\n\t\t\t\t});\n\t\t\t});\n\t\t\tfunction toggleBounce() {\n\t\t\t  if (marker_map_69fb31cc17b8b.getAnimation() != null) {\n\t\t\t\tmarker_map_69fb31cc17b8b.setAnimation(null);\n\t\t\t  } else {\n\t\t\t\tmarker_map_69fb31cc17b8b.setAnimation(google.maps.Animation.BOUNCE);\n\t\t\t  }\n\t\t\t}\n\t\t\t})(jQuery);\n\t\t\t<\/script><div id=\"ultimate-heading-21269fb31cc17c2d\" class=\"uvc-heading ult-adjust-bottom-margin ultimate-heading-21269fb31cc17c2d uvc-4843 \" data-hspacer=\"no_spacer\"  data-halign=\"left\" style=\"text-align:left\"><div class=\"uvc-heading-spacer no_spacer\" style=\"top\"><\/div><div class=\"uvc-main-heading ult-responsive\"  data-ultimate-target='.uvc-heading.ultimate-heading-21269fb31cc17c2d h3'  data-responsive-json-new='{\"font-size\":\"desktop:18px;\",\"line-height\":\"\"}' ><h3 style=\"--font-weight:theme;margin-bottom:20px;\">Wie k\u00f6nnen Sie uns erreichen?<\/h3><\/div><\/div>[vc_column_text]Wir befinden uns nur 15 Minuten vom Flughafen Split entfernt. Wir haben kostenlose Parkpl\u00e4tze f\u00fcr unsere Kunden direkt vor dem Geb\u00e4ude.[\/vc_column_text]<div id=\"ultimate-heading-863569fb31cc17c90\" class=\"uvc-heading ult-adjust-bottom-margin ultimate-heading-863569fb31cc17c90 uvc-1886 \" data-hspacer=\"no_spacer\"  data-halign=\"left\" style=\"text-align:left\"><div class=\"uvc-heading-spacer no_spacer\" style=\"top\"><\/div><div class=\"uvc-main-heading ult-responsive\"  data-ultimate-target='.uvc-heading.ultimate-heading-863569fb31cc17c90 h3'  data-responsive-json-new='{\"font-size\":\"desktop:18px;\",\"line-height\":\"\"}' ><h3 style=\"--font-weight:theme;margin-bottom:20px;\">N\u00fctzliche Links<\/h3><\/div><\/div>[vc_column_text]<a href=\"http:\/\/www.split-airport.hr\/index.php?lang=en\" target=\"_blank\" rel=\"noopener\">Flughafen Split<\/a><br \/>\n<a href=\"http:\/\/www.hotelmedena.com\/en\/\" target=\"_blank\" rel=\"noopener\">Hotel Medena<\/a><br \/>\n<a href=\"https:\/\/www.visittrogir.hr\/\" target=\"_blank\" rel=\"noopener\">Tourismusverband von Trogir<\/a><br \/>\n<a href=\"https:\/\/visitsplit.com\/en\/1\/welcome-to-split\" target=\"_blank\" rel=\"noopener\">Tourismusverband von Split<\/a>[\/vc_column_text][\/vc_column][vc_column width=&#8220;1\/2&#8243;]<div id=\"ultimate-heading-64369fb31cc17ce7\" class=\"uvc-heading ult-adjust-bottom-margin ultimate-heading-64369fb31cc17ce7 uvc-1612 \" data-hspacer=\"no_spacer\"  data-halign=\"left\" style=\"text-align:left\"><div class=\"uvc-heading-spacer no_spacer\" style=\"top\"><\/div><div class=\"uvc-main-heading ult-responsive\"  data-ultimate-target='.uvc-heading.ultimate-heading-64369fb31cc17ce7 h2'  data-responsive-json-new='{\"font-size\":\"desktop:22px;\",\"line-height\":\"\"}' ><h2 style=\"--font-weight:theme;margin-bottom:20px;\">Senden Sie uns eine Nachricht<\/h2><\/div><\/div><div role=\"form\" class=\"wpcf7\" id=\"wpcf7-f2177-o1\" lang=\"en-US\" dir=\"ltr\">\n<div class=\"screen-reader-response\"><p role=\"status\" aria-live=\"polite\" aria-atomic=\"true\"><\/p> <ul><\/ul><\/div>\n<form action=\"\/de\/wp-json\/wp\/v2\/pages\/2005\/#wpcf7-f2177-o1\" method=\"post\" class=\"wpcf7-form init\" novalidate=\"novalidate\" data-status=\"init\">\n<div style=\"display: none;\">\n<input type=\"hidden\" name=\"_wpcf7\" value=\"2177\" \/>\n<input type=\"hidden\" name=\"_wpcf7_version\" value=\"5.6.3\" \/>\n<input type=\"hidden\" name=\"_wpcf7_locale\" value=\"en_US\" \/>\n<input type=\"hidden\" name=\"_wpcf7_unit_tag\" value=\"wpcf7-f2177-o1\" \/>\n<input type=\"hidden\" name=\"_wpcf7_container_post\" value=\"0\" \/>\n<input type=\"hidden\" name=\"_wpcf7_posted_data_hash\" value=\"\" \/>\n<input type=\"hidden\" name=\"_wpcf7_recaptcha_response\" value=\"\" \/>\n<\/div>\n<p><label>Vorname und Nachname (Pflichtfeld)<br \/>\n    <span class=\"wpcf7-form-control-wrap\" data-name=\"your-name\"><input type=\"text\" name=\"your-name\" value=\"\" size=\"40\" class=\"wpcf7-form-control wpcf7-text wpcf7-validates-as-required\" aria-required=\"true\" aria-invalid=\"false\" \/><\/span> <\/label><\/p>\n<p><label>Email (Pflichtfeld)<br \/>\n    <span class=\"wpcf7-form-control-wrap\" data-name=\"your-email\"><input type=\"email\" name=\"your-email\" value=\"\" size=\"40\" class=\"wpcf7-form-control wpcf7-text wpcf7-email wpcf7-validates-as-required wpcf7-validates-as-email\" aria-required=\"true\" aria-invalid=\"false\" \/><\/span> <\/label><\/p>\n<p><label>Telefonnummer<br \/>\n<span class=\"wpcf7-form-control-wrap\" data-name=\"your-phone-number\"><input type=\"tel\" name=\"your-phone-number\" value=\"\" size=\"40\" class=\"wpcf7-form-control wpcf7-text wpcf7-tel wpcf7-validates-as-tel\" aria-invalid=\"false\" \/><\/span><\/label><\/p>\n<p><label> Was interessiert Sie?<br \/>\n<span class=\"wpcf7-form-control-wrap\" data-name=\"your-interest\"><select name=\"your-interest\" class=\"wpcf7-form-control wpcf7-select\" aria-invalid=\"false\"><option value=\"Elektronisches Design\">Elektronisches Design<\/option><option value=\"Embedded-Firmware-Design\">Embedded-Firmware-Design<\/option><option value=\"Android-Anwendung\">Android-Anwendung<\/option><option value=\"Desktop-\/Webanwendung\">Desktop-\/Webanwendung<\/option><option value=\"Projektmanagement\">Projektmanagement<\/option><option value=\"Unit-Tests\/automatisierte Tests\">Unit-Tests\/automatisierte Tests<\/option><option value=\"Softwarekomponenten\">Softwarekomponenten<\/option><option value=\"Technische Beratung\">Technische Beratung<\/option><option value=\"Beratung\">Beratung<\/option><option value=\"Andere\">Andere<\/option><\/select><\/span><br \/>\n<\/label><\/p>\n<p><label>Mitteilung<br \/>\n    <span class=\"wpcf7-form-control-wrap\" data-name=\"your-message\"><textarea name=\"your-message\" cols=\"40\" rows=\"10\" class=\"wpcf7-form-control wpcf7-textarea\" aria-invalid=\"false\"><\/textarea><\/span> <\/label><\/p>\n<p><span class=\"wpcf7-form-control-wrap\" data-name=\"PrivacyPolicy\"><span class=\"wpcf7-form-control wpcf7-acceptance\"><span class=\"wpcf7-list-item\"><label><input type=\"checkbox\" name=\"PrivacyPolicy\" value=\"1\" aria-invalid=\"false\" \/><span class=\"wpcf7-list-item-label\">Ich stimme zu, dass die \u00fcber dieses Formular gesammelten Kontaktinformationen ausschlie\u00dflich dazu verwendet werden, eine Antwort auf Ihre Anfrage zu senden. Lesen Sie mehr dazu in der <a href=\"https:\/\/www.gravityvector.com\/de\/datenschutzerklaerung\/\">Datenschutzerkl\u00e4rung<\/a>.<\/span><\/label><\/span><\/span><\/span><br \/>\n<input type=\"submit\" value=\"Senden\" class=\"wpcf7-form-control has-spinner wpcf7-submit\" \/><\/p>\n<div class=\"wpcf7-response-output\" aria-hidden=\"true\"><\/div><\/form><\/div>[vc_column_text css=&#8220;.vc_custom_1646298406289{margin-top: 20px !important;}&#8220;]Diese Website ist durch reCAPTCHA gesch\u00fctzt und es gelten die <a href=\"https:\/\/policies.google.com\/privacy\" target=\"_blank\" rel=\"noopener\">Datenschutzerkl\u00e4rung<\/a> und die <a href=\"https:\/\/policies.google.com\/terms\" target=\"_blank\" rel=\"noopener\">Nutzungsbedingungen<\/a> von Google.[\/vc_column_text][\/vc_column][\/vc_row]<\/p>\n","protected":false},"excerpt":{"rendered":"<p>[vc_row][vc_column width=&#8220;1\/2&#8243;][vc_row_inner][vc_column_inner width=&#8220;1\/2&#8243;][\/vc_column_inner][vc_column_inner width=&#8220;1\/2&#8243;][\/vc_column_inner][\/vc_row_inner][vc_column_text]Wir befinden uns nur 15 Minuten vom Flughafen Split entfernt. Wir haben kostenlose Parkpl\u00e4tze f\u00fcr unsere Kunden direkt vor dem Geb\u00e4ude.[\/vc_column_text][vc_column_text]Flughafen Split Hotel Medena Tourismusverband von Trogir Tourismusverband von Split[\/vc_column_text][\/vc_column][vc_column width=&#8220;1\/2&#8243;][vc_column_text css=&#8220;.vc_custom_1646298406289{margin-top: 20px !important;}&#8220;]Diese Website ist durch reCAPTCHA gesch\u00fctzt und es gelten die Datenschutzerkl\u00e4rung und die Nutzungsbedingungen von Google.[\/vc_column_text][\/vc_column][\/vc_row]<\/p>\n","protected":false},"author":3,"featured_media":0,"parent":0,"menu_order":0,"comment_status":"closed","ping_status":"closed","template":"","meta":[],"_links":{"self":[{"href":"https:\/\/www.gravityvector.com\/de\/wp-json\/wp\/v2\/pages\/2005\/"}],"collection":[{"href":"https:\/\/www.gravityvector.com\/de\/wp-json\/wp\/v2\/pages\/"}],"about":[{"href":"https:\/\/www.gravityvector.com\/de\/wp-json\/wp\/v2\/types\/page\/"}],"author":[{"embeddable":true,"href":"https:\/\/www.gravityvector.com\/de\/wp-json\/wp\/v2\/users\/3\/"}],"replies":[{"embeddable":true,"href":"https:\/\/www.gravityvector.com\/de\/wp-json\/wp\/v2\/comments\/?post=2005"}],"version-history":[{"count":8,"href":"https:\/\/www.gravityvector.com\/de\/wp-json\/wp\/v2\/pages\/2005\/revisions\/"}],"predecessor-version":[{"id":2274,"href":"https:\/\/www.gravityvector.com\/de\/wp-json\/wp\/v2\/pages\/2005\/revisions\/2274\/"}],"wp:attachment":[{"href":"https:\/\/www.gravityvector.com\/de\/wp-json\/wp\/v2\/media\/?parent=2005"}],"curies":[{"name":"wp","href":"https:\/\/api.w.org\/{rel}","templated":true}]}}